{"id":108,"date":"2018-09-27T14:42:00","date_gmt":"2018-09-27T12:42:00","guid":{"rendered":"http:\/\/armor-expo.fr\/FR\/?page_id=108"},"modified":"2026-04-30T16:41:23","modified_gmt":"2026-04-30T14:41:23","slug":"exposants-landerneau","status":"publish","type":"page","link":"http:\/\/armor-expo.fr\/FR\/exposants-landerneau\/","title":{"rendered":"exposants landerneau"},"content":{"rendered":"\n\n\t<h1 id=\"h.p_iQIRw-7h5E_w\">LANDERNEAU : Les exposants<br \/>\n<\/h1>\n\t<h1>VINS &amp; SPIRITUEUX<\/h1>\n\t<p>&nbsp;<\/p>\n<p><strong><em>ALSACE<\/em><\/strong><\/p>\n<strong>DOMAINE FRISCH<\/strong>-Alsace, Alsace grands crus Schlossberg et Furstentum, Vendanges tardives\u00a0<a href=\"http:\/\/www.joseph-fritsch.com\/\" target=\"_blank\" rel=\"noopener noreferrer\"><strong>WEB<\/strong><\/a><br \/>\n<em><strong>BEAUJOLAIS<\/strong><\/em>\n<strong>DOMAINE FRANCK BESSON<\/strong><strong>\u00a0&#8211;\u00a0<\/strong>Juli\u00e9nas, M\u00e9thodes traditionnelles, Rose granit, Dentelle, Beaujolais blanc Bourgogne blanc\u00a0<a href=\"http:\/\/www.domainefranckbesson.fr\/\" target=\"_blank\" rel=\"noopener noreferrer\"><strong>WEB<\/strong><\/a><br \/>\n<strong>DOMAINE AU PIED DES 2 CLOCHERS<\/strong>&#8211; Beaujolais, Morgon, Brouilly, R\u00e9gni\u00e9, Moulin \u00e0 vent, Chiroubles\n<p><em><strong> BORDEAUX<\/strong><\/em><\/p>\n<p><strong>DOMAINE NOAILLES<\/strong>\u00a0&#8211; C\u00f4tes de Bourg, Blaye c\u00f4tes de Bordeaux<strong>\u00a0 \u00a0 \u00a0 \u00a0 \u00a0 \u00a0 \u00a0 \u00a0 \u00a0 \u00a0 \u00a0 \u00a0 \u00a0 \u00a0 \u00a0 \u00a0 \u00a0\u00a0<\/strong><\/p>\n<p><strong>CH\u00c2TEAU ROBIN LA FLEUR &#8211; <\/strong>Lussac-Saint-Emilion<\/p>\n<p><strong>CH\u00c2TEAU GADET-TERREFORT<\/strong> &#8211; M\u00e9doc, Bordeaux ros\u00e9, Bordeaux blanc <a href=\"https:\/\/www.gadet-terrefort.com\/\" target=\"_blank\" rel=\"noopener noreferrer\"><strong>WEB<\/strong><\/a><\/p>\n<p><strong>VIGNOBLES PALUDETTO &#8211; <\/strong>Puisseguin Saint-Emilion, Ros\u00e9 Diamant<strong> rose<\/strong><\/p>\n<p><strong>CHATEAU CLOS SERIC (BIO)- Entre-deux-mers Bordeaux sup. VDF<\/strong><\/p>\n<p><strong>\u00a0CHATEAU LALANDE \u00a0 <\/strong>HAUT-M\u00c9DOC<\/p>\n<p><em><strong>BOURGOGNE<\/strong><\/em><\/p>\n<p><strong>DOMAINE DESERTAUX<\/strong> &#8211; Beaune1<sup>er<\/sup> cru, Pommard, Ladoix, C\u00f4te-de-Nuits-Villages, Bourgogne rouge et blanc, Bourgogne aligot\u00e9 <a href=\"https:\/\/desertaux-ferrand.com\/\" target=\"_blank\" rel=\"noopener noreferrer\"><strong>WEB<\/strong><\/a><\/p>\n<p><strong>DOMAINE PASCAL BONHOMME<\/strong> &#8211; Vir\u00e9- Cless\u00e9<\/p>\n<p><strong>DOMAINE BALANDRAS &#8211; <\/strong>Macon-Serri\u00e8res, blancs, rouges et cr\u00e9mant<\/p>\n<p><em><strong>CHAMPAGNE<\/strong><\/em><\/p>\n<p><strong>CHAMPAGNE HAZARD<\/strong> -Brut Blanc de Noirs, Brut R\u00e9serve, Brut Ros\u00e9, Ratafia de Champagne.<a href=\"https:\/\/www.google.fr\/search?sxsrf=ALeKk02cjejCK4YBICpuBTsotSQtXR1kSg%3A1604054518378&amp;source=hp&amp;ei=9u2bX6efFIfyas-Yi6gO&amp;q=champagne+hazard&amp;oq=CHAMPAGNE+HAZARD&amp;gs_lcp=CgZwc3ktYWIQARgAMgIIADICCAAyBggAEBYQHjIICAAQFhAKEB4yBggAEBYQHjIGCAAQFhAeMgYIABAWEB4yBggAEBYQHjIGCAAQFhAeMgYIABAWEB46BAgjECc6BAgAEEM6BAguEEM6BQgAELEDOggIABCxAxCDAToCCC46CgguELEDEBQQhwI6BwgAEBQQhwI6BwgAELEDEEM6CggAELEDEBQQhwJQ4QNYgBtg_iVoAHAAeACAAb0BiAGHCZIBBDE1LjGYAQCgAQGqAQdnd3Mtd2l6&amp;sclient=psy-ab\" target=\"_blank\" rel=\"noopener noreferrer\"><strong> WEB<\/strong><\/a><\/p>\n<p><em><strong>CHARENTE<\/strong><\/em><\/p>\n<p><strong>FAMILLE BODARD<\/strong>\u00a0Pineaux des Charentes, Cognacs, Vins de Pays Charentais, Liqueurs au Cognac<a href=\"http:\/\/www.cognacetapes.com\/pageLibre00016253\/\" target=\"_blank\" rel=\"noopener noreferrer\"><strong> WEB<\/strong><\/a><\/p>\n<p>&nbsp;<\/p>\n<p>&nbsp;<\/p>\n<p>&nbsp;<\/p>\n\t<p>&nbsp;<\/p>\n<p><em>LANGUEDOC-ROUSSILLON<\/em><\/p>\n<p><strong>DOMAINE PICARO&#8217;S &#8211; <\/strong>IGP PAYS D&#8217;OC<\/p>\n<p><strong>DOMAINE MAS PAUMARHEL &#8211; <\/strong>Minervois La\u00a0lini\u00e8re, Minervois , Vin de c\u00e9page<\/p>\n<h1><em><b>SUD OUEST\u00a0<\/b><\/em><\/h1>\n<p><strong>CHATEAU MARIE PLAISANCE<\/strong>\u00a0-Bergerac, C\u00f4tes de Bergerac, Saussignac\u00a0<strong>BIO <a href=\"http:\/\/www.chateau-marie-plaisance.fr\/\" target=\"_blank\" rel=\"noopener noreferrer\">WEB<\/a><\/strong><\/p>\n<p><b>DOMAINE DU PETIT LOUBES &#8211; \u00a0<\/b>AOC C\u00f4tes de Duras<\/p>\n<p><em><strong>VAL DE LOIRE<\/strong><\/em><\/p>\n<strong>CLOS des CORDELIERS<\/strong>\u00a0&#8211; Saumur Champigny, Saumur ros\u00e9, Cr\u00e9mant de Loire <a href=\"https:\/\/www.clos-des-cordeliers.com\/\" target=\"_blank\" rel=\"noopener noreferrer\"><strong>WEB<\/strong><\/a><br \/>\n<strong>CAVE DE LA PETITE FONTAINE<\/strong>\u00a0-Sancerre blanc, rouge et ros\u00e9. <a href=\"http:\/\/www.scev-fleuriet.fr\/\" target=\"_blank\" rel=\"noopener noreferrer\"><strong>WEB<\/strong><\/a><br \/>\n<strong>DOMAINE DES GRANDS ORMES<\/strong>\u00a0&#8211; AOC Quincy.<a href=\"https:\/\/www.hachette-vins.com\/guide-vins\/producteurs\/49201\/dom-des-grands-ormes\/\" target=\"_blank\" rel=\"noopener noreferrer\"><strong> WEB<\/strong><\/a>\n<p><strong>DOMAINE GILLES LANGLOIS<\/strong>\u00a0&#8211; AOC Pouilly-Fum\u00e9 blanc, AOC Pouilly-sur-Loire, M\u00e9thode Traditionnelle. <a href=\"http:\/\/www.domainegilleslanglois.com\/ElementsRubrique.aspx?SITE=EBOISFL&amp;RUB=1&amp;MP_SS_RUB=ELEM&amp;MP_ELT=DETAI&amp;PAGE=1&amp;Lang=FR\" target=\"_blank\" rel=\"noopener noreferrer\"><strong>WEB<\/strong><\/a><\/p>\n<p><strong>DOMAINE DES TILLEULS<\/strong>\u00a0&#8211; AOP<strong>\u00a0<\/strong>Muscadet S\u00e8vre et Maine sur Lie, IGP Val de Loire, M\u00e9thode traditionnelle.<a href=\"https:\/\/domainedestilleuls.fr\" target=\"_blank\" rel=\"noopener noreferrer\"><strong> WEB<\/strong><\/a><\/p>\n<p><strong>DOMAINE DUVAL VOISIN<\/strong><strong>\u00a0<\/strong>&#8211; AOC Bourgueil. <a href=\"https:\/\/duvalvoisin.com\/\" target=\"_blank\" rel=\"noopener noreferrer\"><strong>\u00a0WEB<\/strong><\/a><\/p>\n<p><strong>DOMAINE ROBIN PICHERY &#8211; <\/strong>Bonnezeaux, Anjou, Cabernet d&#8217;Anjou, Coteau du Layon. \u00a0<a href=\"https:\/\/www.hachette-vins.com\/guide-vins\/producteurs\/50746\/earl-robin-pichery\/\" target=\"_blank\" rel=\"noopener noreferrer\"><strong>WEB<\/strong><\/a><\/p>\n<p><em><strong>VALL\u00c9E DU RHONE<\/strong><\/em><\/p>\n<p><strong>MOULIN DES GYPSES AOP \u00a0Ventoux BIO WEB<\/strong><\/p>\n<p><strong>TERROIRS DU SOLEIL &#8211; <\/strong>Ch\u00e2teauneuf-du-Pape, Cairanne, Hermitage, Condrieu, C\u00f4tes du Rh\u00f4ne<\/p>\n<p><strong>DOMAINE MANGANELLI- <\/strong>Vacqueyras Beaumes de venise -mu\u0219cat de Baumes de Venise<\/p>\n<p><em><strong>VINS ETRANGERS \/ DIVERS<\/strong><\/em><\/p>\n<p><strong>MAP ITALIA &#8211; liqueurs &#8211; Limoncello&#8230;<\/strong><\/p>\n<p><strong>STE AHA LIQUEUR EXCELSIOR<\/strong> \u00a0Liqueurs et spiritueux Allemand (ville jumel\u00e9e avec Landerneau)<\/p>\n<p><strong>KERMEUR SPIRITS<\/strong> (BRETAGNE)Pastis Ty Jaune- Liqueur OTSH<\/p>\n<p><strong>DISTILLERIE DOURTAN<\/strong> \u00a0Gin, Rhum, Rhums arrang\u00e9s, Liqueur de menthe, Liqueur de fraise.<\/p>\n<p><strong>VILLAGE DE LA BI\u00c8RE\u00a0<\/strong><\/p>\n<p><strong>BRASSERIE ZED<\/strong> (44)<\/p>\n<p>&nbsp;<\/p>\n<p>&nbsp;<\/p>\n<p>&nbsp;<\/p>\n\t<h1>GASTRONOMIE &amp; DIVERS<\/h1>\n\t<p><a href=\"http:\/\/www.google.com\/url?q=http%3A%2F%2Fwww.keldelice.com%2Fproducteurs%2Fmiel-iroise-jo-le-ru&amp;sa=D&amp;sntz=1&amp;usg=AFQjCNF2791P_oNaMl8MuW0w5uczO9hEKA\" target=\"_blank\" rel=\"noopener noreferrer\">MIELERIE<strong> D&#8217;IROISE<\/strong><\/a> -Miels et d\u00e9riv\u00e9s de la ruche (pollen, chouchen, limonade au miel, gel\u00e9e royale. <a href=\"https:\/\/www.plouarzel.fr\/miel-le-ru.html\" target=\"_blank\" rel=\"noopener noreferrer\"><strong>WEB<\/strong><\/a><\/p>\n<p><a href=\"https:\/\/www.google.com\/url?q=https%3A%2F%2Fretourdalpage.eatbu.com%2F&amp;sa=D&amp;sntz=1&amp;usg=AFQjCNGHUw_yXKxJDF0XiKA-5q2LCbasng\" target=\"_blank\" rel=\"noopener noreferrer\"><strong>RETOUR D&#8217;ALPAGE<\/strong><\/a> -Gruy\u00e8re d&#8217;alpage (+ de 1000m et 18 mois d&#8217;affinage) Vacherin Fribourgeois, Etivaz d&#8217;alpage<\/p>\n<p><a href=\"http:\/\/www.google.com\/url?q=http%3A%2F%2Fwww.lafermedemarsan.com%2F&amp;sa=D&amp;sntz=1&amp;usg=AFQjCNG2SSz8czALNdN6tF1rXclE-rCAJA\" target=\"_blank\" rel=\"noopener noreferrer\"><strong>LA FERME DE MARSAN<\/strong><\/a> -Foies gras, confits .et autres sp\u00e9cialit\u00e9s \u00e0 base de canard. <a href=\"https:\/\/www.lafermedemarsan.com\/\" target=\"_blank\" rel=\"noopener noreferrer\"><strong>WEB<\/strong><\/a><\/p>\n<p><a href=\"https:\/\/www.google.com\/url?q=https%3A%2F%2Fwww.fermedelapattedoie.fr%2F&amp;sa=D&amp;sntz=1&amp;usg=AFQjCNGrzzn8ZN0Y5wzgUbPv6dm3Jv_Rzg\" target=\"_blank\" rel=\"noopener noreferrer\"><strong>LA FERME DE LA PATTE D&#8217;OIE<\/strong><\/a>-Foie gras, confits, conserves \u00e0 base de canards. <a href=\"https:\/\/www.fermedelapattedoie.fr\/\" target=\"_blank\" rel=\"noopener noreferrer\"><strong>WEB<\/strong><\/a><\/p>\n<p><strong>EPICES ET VANILLE &#8211; <\/strong>Epices, vanille chocolat, confitures exotique de\u00a0Madagascar<\/p>\n<p><strong>LA CABANE DES \u00c9RABLES &#8211; Produits du Quebec\u00a0<\/strong><\/p>\n<p><strong>\u00d4 SAVEURS DES MONTAGNES<\/strong> \u00a0&#8211; Fromages de montagne<\/p>\n<p><strong>JACQUES-JEAN CLARA-<\/strong> Fromages de Brebis AOP, ail des ours, piment d&#8217;espelette&#8230;<\/p>\n<p><strong>CHARCUTERIE BIHOU\u00c9E<\/strong> &#8211; Charcuterie artisanale Bretonne<\/p>\n<p><strong>MAP ITALIA <\/strong>Produits alimentaires Italiens artisanaux<\/p>\n\t<p>&nbsp;<\/p>\n<p><strong>BELHAJ ABDELAZIZ<\/strong> \u00a0Huiles d&#8217;olives, amandes, Hamlou, figues s\u00e9ch\u00e9es<\/p>\n<p><strong>LES SAVEURS DE L&#8217;AVEYRON <\/strong>Saucisses m\u00e9daille d&#8217;or, Jambon de l&#8217;Aveyron, conserves, saucissons de l&#8217;Aveyron&#8230;<\/p>\n<p><strong>HUITRES LE CHA <\/strong>.<\/p>\n<p><strong>LES VERGERS DE PEYRETTE &#8211; <\/strong>Pruneaux d&#8217;agen mi-cuits, confitures, amandes. \u00a0 \u00a0<a href=\"http:\/\/www.lesvergersdepeyrette.com\/\">http:\/\/www.lesvergersdepeyrette.com\/<\/a><\/p>\n<p><strong>CAREXQUIS &#8211; <\/strong>Chocolats tendres<\/p>\n<p><strong>AUX D\u00c9LICES CATALANS<\/strong> &#8211; Buchettes, Fuets, Noix de jambon<\/p>\n<p><strong>MES PETITES BAIES &#8211; <\/strong>Fruits s\u00e9ch\u00e9s exotiques, Noix caram\u00e9lis\u00e9ees, Fruits confits, M\u00e9langes ap\u00e9ro,<\/p>\n<p><strong>MAROC<\/strong> -Gastronomie Marocaine<\/p>\n<p><strong>LES NOMBRILS DE MAMICK <\/strong>Macarons \u00e0 l&#8217;ancienne faits maison \u00e0 Gu\u00e9rande<\/p>\n<p>&nbsp;<\/p>\n<p>&nbsp;<\/p>\n\n","protected":false},"excerpt":{"rendered":"<p>LANDERNEAU : Les exposants VINS &amp; SPIRITUEUX &nbsp; ALSACE DOMAINE FRISCH-Alsace, Alsace grands crus Schlossberg et Furstentum, Vendanges tardives\u00a0WEB BEAUJOLAIS DOMAINE FRANCK BESSON\u00a0&#8211;\u00a0Juli\u00e9nas, M\u00e9thodes traditionnelles, Rose granit, Dentelle, Beaujolais blanc Bourgogne blanc\u00a0WEB DOMAINE AU PIED DES 2 CLOCHERS&#8211; Beaujolais, Morgon, Brouilly, R\u00e9gni\u00e9, Moulin \u00e0 vent, Chiroubles BORDEAUX DOMAINE NOAILLES\u00a0&#8211; C\u00f4tes de Bourg, Blaye c\u00f4tes de [&hellip;]<\/p>\n","protected":false},"author":1,"featured_media":0,"parent":0,"menu_order":0,"comment_status":"closed","ping_status":"closed","template":"","meta":[],"_links":{"self":[{"href":"http:\/\/armor-expo.fr\/FR\/wp-json\/wp\/v2\/pages\/108"}],"collection":[{"href":"http:\/\/armor-expo.fr\/FR\/wp-json\/wp\/v2\/pages"}],"about":[{"href":"http:\/\/armor-expo.fr\/FR\/wp-json\/wp\/v2\/types\/page"}],"author":[{"embeddable":true,"href":"http:\/\/armor-expo.fr\/FR\/wp-json\/wp\/v2\/users\/1"}],"replies":[{"embeddable":true,"href":"http:\/\/armor-expo.fr\/FR\/wp-json\/wp\/v2\/comments?post=108"}],"version-history":[{"count":78,"href":"http:\/\/armor-expo.fr\/FR\/wp-json\/wp\/v2\/pages\/108\/revisions"}],"predecessor-version":[{"id":1095,"href":"http:\/\/armor-expo.fr\/FR\/wp-json\/wp\/v2\/pages\/108\/revisions\/1095"}],"wp:attachment":[{"href":"http:\/\/armor-expo.fr\/FR\/wp-json\/wp\/v2\/media?parent=108"}],"curies":[{"name":"wp","href":"https:\/\/api.w.org\/{rel}","templated":true}]}}