{"id":110,"date":"2018-09-27T14:42:41","date_gmt":"2018-09-27T12:42:41","guid":{"rendered":"http:\/\/armor-expo.fr\/FR\/?page_id=110"},"modified":"2026-04-14T09:47:24","modified_gmt":"2026-04-14T07:47:24","slug":"exposants-perros-guirec","status":"publish","type":"page","link":"http:\/\/armor-expo.fr\/FR\/exposants-perros-guirec\/","title":{"rendered":"exposants perros guirec"},"content":{"rendered":"\n\n\t<h1 id=\"h.p_iQIRw-7h5E_w\">PERROS GUIREC : Les exposants<br \/>\n<\/h1>\n\t<h1>VINS &amp; SPIRITUEUX<\/h1>\n\t<h1><em>ALSACE<\/em><\/h1>\n<h6><strong>DOMAINE HERING- <\/strong>Alsace<\/h6>\n<p><strong>LEIPP-LEINNINGER<\/strong>\u00a0&#8211; Alsace &#8211;\u00a0<strong>BIO<\/strong>&#8211; <a href=\"http:\/\/www.leipp-leininger.com\" target=\"_blank\" rel=\"noopener noreferrer\"><strong>WEB<\/strong><\/a><\/p>\n<em><strong>BEAUJOLAIS<\/strong><\/em><br \/>\n<strong>DOMAINE LES C\u00d4TES DE LA ROCHE- Moulin \u00e0 vent, St Amour, Juli\u00e8nas, Ch\u00e9nas, Cr\u00e9mant de Bourgogne, St V\u00e9ran, Pouilly Fuiss\u00e9;<\/strong>\n<p><strong>DOMAINE DE ROCHEFOLLE -BIO- Chiroubles, Fleurie, Morgon, Chardonnay, pinot gris&#8230;<\/strong><\/p>\n<p><b>GUIGNIER DESMULES<\/b>&#8211; Beaujolais, R\u00e9gni\u00e9, \u00a0Brouilly, moulin \u00e0 vent&#8230;<\/p>\n<p><em><strong>BORDEAUX<\/strong><\/em><\/p>\n<p><strong>VIGNOBLES COUREAU &#8211; Saint-\u00e9milion grand cru, Aoc Bordeaux, rouge, ros\u00e9<\/strong><\/p>\n<p><strong>CHATEAU LA TESSONNI\u00c8RE<\/strong> &#8211; \u00a0M\u00e9doc<\/p>\n<p><strong>CHATEAU CASTEL VIAUD<\/strong> &#8211; Lalande de Pomerol &#8211; <a href=\"http:\/\/www.chateaucastelviaud.com\" target=\"_blank\" rel=\"noopener noreferrer\"><strong>WEB<\/strong><\/a><\/p>\n<p><strong>CHATEAU JACQUET<\/strong> &#8211; Bordeaux , C\u00f4tes de Bourg, Bordeaux Sup. &#8211; <a href=\"http:\/\/www.chateau-jacquet.com\" target=\"_blank\" rel=\"noopener noreferrer\"><strong>WEB<\/strong><\/a><\/p>\n<p><strong>VIGNOBLES BOURRIGAUD<\/strong> &#8211; Saint Emilion grand cru, C\u00f4tes de Bordeaux &#8211; <a href=\"http:\/\/www.chateau-champion.com\" target=\"_blank\" rel=\"noopener noreferrer\"><strong>WEB<\/strong><\/a><\/p>\n<p><strong>CHATEAU LES MAUBATS<\/strong> &#8211; BORDEAUX Sup\u00e9rieures, Entre-deux-mers &#8211; <strong><a href=\"http:\/\/www.chateau-les-maubats.fr\" target=\"_blank\" rel=\"noopener noreferrer\">WEB<\/a><\/strong><strong>\u00a0<\/strong><\/p>\n<p><strong>VIGNOBLES ROY-TROCARD <\/strong>Lalande de\u00a0Pomerol, Pessac-leognan. \u00a0 <a href=\"https:\/\/www.roy-trocard.com\"><strong>WEB<\/strong><\/a><\/p>\n<p><strong>CH\u00c2TEAU LES ALBERTS<\/strong> &#8211; Blaye Cotes de Bordeaux -Bordeaux<\/p>\n<p><strong>VIGNOBLES PALUDETTO<\/strong> &#8211; Puisseguin Saint-Emilion<\/p>\n<p><em><strong>BOURGOGNE<\/strong><\/em><\/p>\n<p><strong>QUEM VINS Grands vins de Bourgogne <\/strong>Nuits st\u00a0Georges, Pommard, Givry, meursault, Vosne roman\u00e9e Chezeaux&#8230;<\/p>\n<p><em><strong>CHAMPAGNE<\/strong><\/em><\/p>\n<p><strong>CHAMPAGNE PERROT-BOULONNAIS<\/strong> &#8211; <a href=\"http:\/\/www.champagneperrot.com\" target=\"_blank\" rel=\"noopener noreferrer\"><strong>WEB<\/strong><\/a><\/p>\n<p><strong>CHAMPAGNE MOUTAUX<\/strong>\u00a0 &#8211; <a href=\"http:\/\/www.champagne-moutaux.com\" target=\"_blank\" rel=\"noopener noreferrer\"><strong>WEB<\/strong><\/a><\/p>\n<p><strong>CHAMPAGNE HAZARD<\/strong><\/p>\n<em><strong>CHARENTE<\/strong><\/em>\n<strong>DOMAINE BODARD<\/strong> &#8211; Cognac, Pineau, Vin de Pays Charentais.\n<h5>\u00a0<strong><em>LANGUEDOC-ROUSSILLON<\/em><\/strong><\/h5>\n<p><strong>CHATEAU COUJAN<\/strong> &#8211;<strong>BIO<\/strong>&#8211; AOC St Chinian, Vin De Pays Des Coteaux De Murviel &#8211; <a href=\"http:\/\/chateau-coujan.com\" target=\"_blank\" rel=\"noopener noreferrer\"><strong>WEB<\/strong><\/a><\/p>\n<p><strong>DOMAINE PICARO&#8217;S<\/strong> &#8211; Vin Du Pays D&#8217;oc &#8211; AOP P\u00e9z\u00e9nas<\/p>\n<p><strong>CHATEAU DU MAS DEU\u00a0BIO<\/strong>&#8211; Vins AOC Muscat, C\u00f4tes Du Roussillon, Rivesaltes, Vin De Pays Des C\u00f4tes Catalanes&#8230;<\/p>\n<p><strong>ALLIANCE MINERVOIS &#8211; <\/strong>Minervois,<\/p>\n<p><strong>DOMAINE PASTOR<\/strong> &#8211; Faug\u00e8res<\/p>\n<p><strong>DOMAINE PRIEUR\u00c9 STE MARIE D&#8217;ALBAS &#8211; <\/strong>Corbi\u00e8res<\/p>\n\t\n<h4>\u00a0<em><strong>PROVENCE<\/strong><\/em><\/h4>\n<p>&nbsp;<\/p>\n<h2><em><strong>SUD &#8211; OUEST<\/strong><\/em><\/h2>\n<p><strong>DOMAINE DE ROME<\/strong> &#8211; Armagnac, Floc de Cascogne&#8230;<\/p>\n<p><strong>DOMAINE DU PETIT LOUBES &#8211; <\/strong>Aoc C\u00f4tes de Duras, rouge, blanc, ros\u00e9, moelleux<\/p>\n<p><strong>DOMAINE LES PYR\u00c9N\u00c9ALES<\/strong> &#8211; Madiran-Pacherenc du Vic bila IGP comte Tolosan<\/p>\n<p>&nbsp;<\/p>\n<h5><strong><em>VAL DE LOIRE<\/em><\/strong><\/h5>\n<p><strong>DOMAINE GAUDARD<\/strong> &#8211; Anjou, Coteaux du layon, Cr\u00e9mant de Loire, Quart de Chaumes<\/p>\n<p><b>DOMAINE DE LA TOURETTE &#8211; <\/b>Muscadet, P\u00e9tillant, Sauvignon, Gamay ros\u00e9, Merlot, Cabernet ros\u00e9<\/p>\n<p><b>DOMAINE DES CHEZELLES<\/b>&#8211; AOC Touraine &#8211; Touraine Chenonceaux, IGP Val de Loire Cr\u00e9mant de Loire<\/p>\n<p><strong>DOMAINE de CHAINTRE<\/strong> &#8211; Muscadet S\u00e8vre et Maine sur Lie, Vins de Pays, Igp Val de Loire&#8230;<\/p>\n<p><strong>DOMAINE SAINT-ANNE &#8211; <\/strong>Sauvignon, Anjou blanc, Ros\u00e9 de Loire, cabernet d&#8217;Anjou, Anjou rouge<\/p>\n<p><strong>DOMAINE de la PINSONNIERE<\/strong> &#8211; Vouvray &#8211; <a href=\"http:\/\/www.lapinsonniere.fr\" target=\"_blank\" rel=\"noopener noreferrer\"><strong>WEB<\/strong><\/a><\/p>\n<p><em><strong>VALL\u00c9E DU RHONE<\/strong><\/em><\/p>\n<p><strong>DOMAINE COMTE DE LAUZE<\/strong> CDR -Ch\u00e2teauneuf-du-pape<\/p>\n<p><b>DOMAINE DU GRAND MONTMIRAIL<\/b> &#8211; Vacqueyras , Gigondas, Beaumes de Venise, Cotes du Rh\u00f4ne, Muscat de baume de Venise<\/p>\n<p><strong>MOULIN DES GYPSES &#8211; <\/strong>AOP VENTOUX<strong> BIO<\/strong><\/p>\n<p><strong>DOMAINE DU COFFRE \u00a0&#8211;\u00a0<\/strong>AOP Luberon IGP Mediterran\u00e9e<\/p>\n<p><em><strong>VINS ETRANGERS ET AUTRES<\/strong><\/em><\/p>\n<p><strong>CASULLI GASTRONOMIA<\/strong> &#8211; Vins Italiens. \u00a0<a href=\"https:\/\/www.casulligastronomia.com\"><strong>WEB<\/strong><\/a><\/p>\n<p><b>DISTILLERIE AC ROC&#8217;H &#8211; Spiritueux Et liqueurs<\/b><\/p>\n<p><b>CALV\u00c9RABLE \u00a0&#8211; \u00a0<\/b>Calvados AOP et sirop d&#8217;erable <b>artisanal Qu\u00e9b\u00e9cois<\/b><\/p>\n<p><strong>JABADAO<\/strong> &#8211; Rhums arrang\u00e9s\u00a0<a href=\"https:\/\/jabadao.bzh\">https:\/\/jabadao.bzh<\/a><\/p>\n<p><strong>LES SIROPS DU BARBU &#8211; <\/strong>SIROPS BIOLOGIQUES<\/p>\n<p>&nbsp;<\/p>\n<p>&nbsp;<\/p>\n\t<h1>GASTRONOMIE &amp; DIVERS<\/h1>\n\t<p><b>\u00d4 SAVEURS DES MONTAGNES <\/b>&#8211; Fromages<\/p>\n<p><b>LAMBR&#8217;1 &#8211; <\/b>Caramels au beurre sal\u00e9, confitures&#8230;<\/p>\n<strong>CASULLI GASTRONOMIA<\/strong> &#8211; ITALIE : huiles d&#8217;olives, Pates, Vinaigres, Tomates s\u00e9ch\u00e9es \u00a0 \u00a0<a href=\"https:\/\/www.casulligastronomia.com\"><strong>WEB<\/strong><\/a>\n<strong>CORSICA BREIZH<\/strong> &#8211; Produits Corse\n<strong>FERME DE LA PATTE D&#8217;OIE<\/strong> &#8211; Foie Gras &#8211; <a href=\"http:\/\/www.fermedelapattedoie.fr\" target=\"_blank\" rel=\"noopener noreferrer\"><strong>WEB<\/strong><\/a>\n<strong>FERME DU LUGUEN<\/strong>\u00a0&#8211; Foie Gras, Magrets, Canards&#8230;<a href=\"http:\/\/www.lafermeduluguen.fr\/content\/26-vente-directe-a-la-ferme\"><strong>WEB<\/strong><\/a>\n<b>LES PLAISIRS SUCR\u00c9S &#8211; <\/b>Chocolats\n<p><strong>LOU LOMBRES<\/strong> &#8211; Fromage , charcuterie des Pyr\u00e9n\u00e9es. &#8211; <a href=\"http:\/\/www.loulombres.com\" target=\"_blank\" rel=\"noopener noreferrer\"><strong>WEB<\/strong><\/a><\/p>\n<strong>FLORE DES PYRENEES <\/strong>&#8211; Miel, confitures&#8230;<a href=\"https:\/\/www.bienvenue-a-la-ferme.com\/occitanie\/hautes-pyrenees\/begole\/ferme\/la-flore-des-pyrenees\/94240\"><strong>WEB\u00a0<\/strong><\/a>\n<strong>GRANIER<\/strong> &#8211; jambons secs, saucissons, saucisses s\u00e8ches, chorizo&#8230;.\n<b>CHAPOTOT CELINE<\/b> &#8211; V\u00e9ritable Andouillettes de Troyes\n<p><b>L&#8217;OR BERB\u00c8RE &#8211; Maroc\u00a0<\/b><\/p>\n<p><b>ID EPICES &#8211; <\/b>\u00c9pices, th\u00e9s chocolats,\u00a0poivres, vanille&#8230; Madagascar<\/p>\n<p><strong>MAP ITALIA- \u00a0<\/strong>Gastronomie italienne<\/p>\n<p><strong>COUTEAUX DE BERGER &#8211; Coutellerie fran\u00e7aise\u00a0<\/strong><\/p>\n<p><strong>SARL ELAIA &#8211; <\/strong>Gastronomie de Gr\u00e8ce<\/p>\n<p><strong>1000\u00b0 DANS L&#8217;ASSIETTE &#8211; <\/strong>Rillettes de cochon grill\u00e9 Bretonne + coffrets de rillettes accompagn\u00e9 d&#8217;une bi\u00e8re loacale ou d&#8217;un ebouteille de cidre<\/p>\n\t<p>&nbsp;<\/p>\n<p>LE<strong> COMPTOIR DU PIMENT<\/strong> &#8211; Piment d&#8217;Espelette et ses d\u00e9riv\u00e9s , produit basque. \u00a0 <a href=\"https:\/\/www.lecomptoirdupiment.com\/\"><strong>WEB<\/strong><\/a><\/p>\n<strong>CHOCOLATIER EVERLYS &#8211; <\/strong>Coupes et flutes en chocolat, petillant au Chocolat\n<p><strong>CONFRERIE DE LA COQUILLE ST JACQUES<\/strong> &#8211; Coquille st Jacques \u00a0 \u00a0<a href=\"https:\/\/www.coquille-saint-jacques.org\"><strong>WEB<\/strong><\/a><\/p>\n<strong>MAEVA<\/strong> &#8211; Salaisons catalane\n<strong>RETOUR D&#8217;ALPAGE<\/strong> &#8211; Gruy\u00e8re d&#8217;alpage, vacherin Fribourgeois, Etivaz d&#8217;alpage\n<p><strong>BORNE TO BE OLIVES \u00a0&#8211; <\/strong>Olives , tapenades&#8230;<\/p>\n<p><strong>GWASTEL BREIZH &#8211; <\/strong>Produits breton fabrication sur place Kouign-Aman<\/p>\n<p><strong>CHARCUTERIE BIHOU\u00c9<\/strong> \u00a0&#8211; Charcuterie artisanale Bretonne cuite au feu de bois<\/p>\n<p><strong>LE SAINT NECTAIRE ROI<\/strong> &#8211; Saint-nectaire<\/p>\n<p><strong>MAISON LE MAT<\/strong> &#8211; Macarons et oursons guimauve fait maison<\/p>\n<p><b>LES CANELES DE MINA &#8211; <\/b>Canel\u00e9s Bordelais<\/p>\n<p><strong>LA CABANE DES ERABLES<\/strong> &#8211; Gastronomie du Quebec<\/p>\n<p><strong>LES SAVEURS DE NOMA &#8211; <\/strong>Th\u00e9s, Rooibos, Noix de cajou&#8230;<\/p>\n<p><strong>LES SAVEURS D&#8217;AVEYRON &#8211; <\/strong>Salaisons<\/p>\n<p><strong>DIVERS :<\/strong><\/p>\n<p><strong>LE COMIT\u00c9 DE LA RADE &#8211;<\/strong> Bar , huitres, galettes, cr\u00e8pes, &#8230;&#8230;..<\/p>\n<p><strong>\u00a0<\/strong><\/p>\n\n","protected":false},"excerpt":{"rendered":"<p>PERROS GUIREC : Les exposants VINS &amp; SPIRITUEUX ALSACE DOMAINE HERING- Alsace LEIPP-LEINNINGER\u00a0&#8211; Alsace &#8211;\u00a0BIO&#8211; WEB BEAUJOLAIS DOMAINE LES C\u00d4TES DE LA ROCHE- Moulin \u00e0 vent, St Amour, Juli\u00e8nas, Ch\u00e9nas, Cr\u00e9mant de Bourgogne, St V\u00e9ran, Pouilly Fuiss\u00e9; DOMAINE DE ROCHEFOLLE -BIO- Chiroubles, Fleurie, Morgon, Chardonnay, pinot gris&#8230; GUIGNIER DESMULES&#8211; Beaujolais, R\u00e9gni\u00e9, \u00a0Brouilly, moulin \u00e0 vent&#8230; [&hellip;]<\/p>\n","protected":false},"author":1,"featured_media":0,"parent":0,"menu_order":0,"comment_status":"closed","ping_status":"closed","template":"","meta":[],"_links":{"self":[{"href":"http:\/\/armor-expo.fr\/FR\/wp-json\/wp\/v2\/pages\/110"}],"collection":[{"href":"http:\/\/armor-expo.fr\/FR\/wp-json\/wp\/v2\/pages"}],"about":[{"href":"http:\/\/armor-expo.fr\/FR\/wp-json\/wp\/v2\/types\/page"}],"author":[{"embeddable":true,"href":"http:\/\/armor-expo.fr\/FR\/wp-json\/wp\/v2\/users\/1"}],"replies":[{"embeddable":true,"href":"http:\/\/armor-expo.fr\/FR\/wp-json\/wp\/v2\/comments?post=110"}],"version-history":[{"count":77,"href":"http:\/\/armor-expo.fr\/FR\/wp-json\/wp\/v2\/pages\/110\/revisions"}],"predecessor-version":[{"id":1110,"href":"http:\/\/armor-expo.fr\/FR\/wp-json\/wp\/v2\/pages\/110\/revisions\/1110"}],"wp:attachment":[{"href":"http:\/\/armor-expo.fr\/FR\/wp-json\/wp\/v2\/media?parent=110"}],"curies":[{"name":"wp","href":"https:\/\/api.w.org\/{rel}","templated":true}]}}