{"id":113,"date":"2018-09-27T14:44:20","date_gmt":"2018-09-27T12:44:20","guid":{"rendered":"http:\/\/armor-expo.fr\/FR\/?page_id=113"},"modified":"2026-01-19T10:51:45","modified_gmt":"2026-01-19T09:51:45","slug":"exposants-pont-labbe","status":"publish","type":"page","link":"http:\/\/armor-expo.fr\/FR\/exposants-pont-labbe\/","title":{"rendered":"exposants pont l&#8217;abb\u00e9"},"content":{"rendered":"\n\n\t<h1 id=\"h.p_iQIRw-7h5E_w\">PONT L&#8217;ABBE : Les exposants<br \/>\n<\/h1>\n\t<h1>VINS &amp; SPIRITUEUX<\/h1>\n\t<p>&nbsp;<\/p>\n<p>&nbsp;<\/p>\n<p><em>ALSACE<\/em><\/p>\n<p><strong>DOMAINE HIRTZ<\/strong> &#8211; AOC Alsace , AOC Cr\u00e9mant.\u00a0<a href=\"http:\/\/www.zotzenberg.com\/vignerons\/display.php?name=Hirtz%20Jean%20et%20fils&amp;vigneron=Hirtz_Jean_et_fils\" target=\"_blank\" rel=\"noopener noreferrer\"><strong>WEB<\/strong><\/a><\/p>\n<p><strong>DOMAINE EDMOND RENTZ<\/strong> &#8211; Alsace .<strong>BIO<\/strong><\/p>\n<p><em><strong>BEAUJOLAIS<\/strong><\/em><\/p>\n<p><strong>DOMAINE du PRESSOIR FLEURI<\/strong> &#8211; Morgon &#8211; Chiroubles -Fleury-Beaujolais\u00a0 \u00a0 \u00a0 Blanc\u00a0\u00a0<a href=\"https:\/\/www.beaujolaisvignoble.com\/les-viticulteurs\/domaine-du-pressoir-fleuri-sitraDEG621279.html\" target=\"_blank\" rel=\"noopener noreferrer\"><strong>WEB<\/strong><\/a><\/p>\n<p><em><strong>BORDEAUX<\/strong><\/em><\/p>\n<p><strong>DOMAINE NOAILLES ET FILS &#8211; <\/strong>C\u00f4tes de Bourg Bordeaux ros\u00e9<\/p>\n<p><b>CHATEAU TERRECIEL \u00a0&#8211; <\/b>ST EMILION GRAND CRU<b>\u00a0<\/b><\/p>\n<p><strong>CH\u00c2TEAU DES MOULINS<\/strong> &#8211; Medoc .\u00a0 \u00a0<a href=\"http:\/\/www.vertheuil-medoc.com\/oenotourisme\/chateau-des-moulins\/\" target=\"_blank\" rel=\"noopener noreferrer\"><strong>WEB<\/strong><\/a><\/p>\n<p><strong>CH\u00c2TEAU DUVERGER &#8211; <\/strong>AOC Graves -Bordeaux ros\u00e9<\/p>\n<p><strong>DOMAINE VALENTIN PIQUEREAUX<\/strong> &#8211;<strong> BIO<\/strong> Bordeaux Rouge et ros\u00e9<\/p>\n<p><em><strong>BOURGOGNE<\/strong><\/em><\/p>\n<p><strong>DOMAINE HOUBLIN<\/strong>&#8211;<strong>VERNIN<\/strong> Bourgogne Coulanges la Vineuse,Chablis, Aligot\u00e9, Cr\u00e9mant de Bourgogne. <a href=\"https:\/\/www.houblin.com\/installation-de-valentin-vernin\/\" target=\"_blank\" rel=\"noopener noreferrer\">WEB<\/a><\/p>\n<p><em><strong>CHAMPAGNE<\/strong><\/em><\/p>\n<p><strong>CHAMPAGNE MOUTAUX<\/strong>\u00a0&#8211; Champagne .\u00a0<a href=\"http:\/\/frederic-pommelet.fr\/\" target=\"_blank\" rel=\"noopener noreferrer\"><strong>WEB<\/strong><\/a><\/p>\n<p><strong><em>CHARENTE\u00a0<\/em><\/strong><\/p>\n<p><strong>SARL AUX PARGERS &#8211;<\/strong> Cognac, Pineau des Charentes, jus de raisin, \u00a0<a href=\"https:\/\/auxpargers-pineau-cognac.fr\/\">WEB<\/a><\/p>\n<p><strong><em>LANGUEDOC-ROUSSILLON<\/em><\/strong><\/p>\n<p><strong>DOMAINE DE LA CONSEILL\u00c8RE<\/strong> IGP Pays d&#8217;O<\/p>\n<p><strong>ALLIANCE MINERVOIS &#8211; <\/strong>IGP et AOP Minervois et cru La Livini\u00e8re<\/p>\n<p><strong>LE CLOS DES COMBALS &#8211; <\/strong>AOP Terasse du Larzac- \u00a0IGP Saint-Guilhem le d\u00e9sert<\/p>\n\t<p>&nbsp;<\/p>\n<p><em><strong>PROVENCE <\/strong><\/em><\/p>\n<p><strong>DOMAINE ROSTANGUE<\/strong> &#8211; C\u00f4tes de Provence<\/p>\n<p><em><strong>VALLEE DU RHONE<\/strong><\/em><\/p>\n<p><strong>DOMAINE DES LAUSES<\/strong> &#8211; C\u00f4tes du Rh\u00f4ne .<a href=\"https:\/\/www.facebook.com\/Gilbert-Raoux-Vigneron-Epicurien-Domaine-Des-Lauses-227326980744669\/\" target=\"_blank\" rel=\"noopener noreferrer\"><strong>WEB<\/strong><\/a><\/p>\n<p><em><strong>SUD-OUEST<\/strong><\/em><\/p>\n<p><strong>DOMAINE DE RAVIGNAN<\/strong> &#8211; Floc de Gascogne Framboises \u00e0 l&#8217;Armagnac&#8230;<\/p>\n<p><strong>DOMAINE DU PETIT LOUBES &#8211; <\/strong>C\u00f4tes de Duras<\/p>\n<p><strong>DOMAINE D&#8217;EN SEGUR<\/strong> &#8211; IGP C\u00f4tes Du Tarn .\u00a0<a href=\"http:\/\/ensegur.com\/fr\/\" target=\"_blank\" rel=\"noopener noreferrer\"><strong>WEB<\/strong><\/a><\/p>\n<p><strong>DOMAINE DE LAVAUR<\/strong> &#8211; AOC Cahors rouge &#8211; VDF Ros\u00e9 .<a href=\"https:\/\/www.domainedelavaur.fr\/\" target=\"_blank\" rel=\"noopener noreferrer\"><strong>WEB<\/strong><\/a><\/p>\n<p><em><strong>VAL DE LOIRE<\/strong><\/em><\/p>\n<p><strong>DOMAINE DE ROME<\/strong> &#8211; AOC Sancerre\u00a0<a href=\"http:\/\/www.domaine-de-rome.com\/\" target=\"_blank\" rel=\"noopener noreferrer\"><strong>WEB<\/strong><\/a><\/p>\n<p><strong>DENIS MEUNIER<\/strong> &#8211; AOC Vins de Vouvray, AOC Vins de Touraine .\u00a0<a href=\"http:\/\/www.vindevouvray.com\/producteurs_cave-meunier-----denis-meunier_97.html\" target=\"_blank\" rel=\"noopener noreferrer\"><strong>WEB<\/strong><\/a><\/p>\n<p><strong>CH\u00c2TEAU BELLEVUE<\/strong> &#8211; Anjou- Savenni\u00e8re- Cr\u00e9mant &#8211; C\u00f4teaux du Layon .<a href=\"http:\/\/www.chateaudebellevue.fr\/fra\" target=\"_blank\" rel=\"noopener noreferrer\"><strong>WEB<\/strong><\/a><\/p>\n<p><strong>DOMAINE DUVAL VOISIN<\/strong> -AOC \u00a0Bourgueil .\u00a0<a href=\"http:\/\/www.duvalvoisin.com\/\" target=\"_blank\" rel=\"noopener noreferrer\"><strong>WEB<\/strong><\/a><\/p>\n<p><strong>DOMAINE DES GRANDS ORMES<\/strong> &#8211; AOC Quincy .<a href=\"http:\/\/www.vins-quincy-reuilly.com\/stephanie-et-christophe-gallon,117.html\" target=\"_blank\" rel=\"noopener noreferrer\"><strong>WEB<\/strong><\/a><\/p>\n<p><strong>DOMAINE DE \u00a0TOURETTE \u00a0&#8211; <\/strong>Muscadet \u00a0IGP Val de\u00a0Loire n vins de France, P\u00e9tillants<\/p>\n<p><strong>DIVERS\u00a0<\/strong><\/p>\n<p><strong>BRASSERIE la Zed<\/strong><\/p>\n<p><strong>DISTILLERIE DU MAOUT- <\/strong>Spiritueux<\/p>\n<p>&nbsp;<\/p>\n<p>&nbsp;<\/p>\n\t<h1>GASTRONOMIE &amp; DIVERS<\/h1>\n\tEARL<strong> LE RU<\/strong> &#8211; Miels et d\u00e9riv\u00e9s de la ruche -pollen-propolis-chouchen..<strong>.<a href=\"http:\/\/www.savourezlabretagne.com\/synagri\/earl-le-ru\" target=\"_blank\" rel=\"noopener noreferrer\">WEB\u00a0<\/a><\/strong>\n<strong>LE MAS DE CLERGUES<\/strong> &#8211; Huile d&#8217;Olive -Tapenade-Olives-Ail <strong>TEL : 06 84 24 01 91<\/strong>\n<strong>LA FERME DE MARSAN<\/strong> &#8211; Foies gras- Confits..<strong>.<a href=\"https:\/\/www.lafermedemarsan.com\" target=\"_blank\" rel=\"noopener noreferrer\">WEB\u00a0<\/a><\/strong>\n<p><strong>LES DELICES DE KAT<\/strong> &#8211; Sirops, confitures&#8230;<strong>\u00a0<\/strong><\/p>\n<p><strong>LES EPICES DE CAHAN &#8211; <\/strong>Poivres de Kampot<\/p>\n<p><strong>MAP ITALIA<\/strong> produits alimentaires Italiens Artisanaux<\/p>\n<p><strong>EPICERIA<\/strong> &#8211; Epices, Vanille, Vinaigres Balsamiques&#8230;<\/p>\n<p><strong>MAROC<\/strong> &#8211; Gastronomie Marocaine<\/p>\n\tCONFRERIE<strong> DE LA COQUILLE ST JACQUES<\/strong> &#8211; Coquille st Jacques<strong><a href=\"https:\/\/www.lemondedumacaron.net\/\" target=\"_blank\" rel=\"noopener noreferrer\">\u00a0<\/a><\/strong>\n<strong>RETOUR D&#8217;ALPAGE<\/strong> &#8211; Gruy\u00e8re d&#8217;alpage, vacherin Fribourgeois, Etivaz d&#8217;alpage.\n<strong>LE COMPTOIR DU PIMENT<\/strong> &#8211; Piment d&#8217;Espelette et ses d\u00e9riv\u00e9s , produit basque <strong><a href=\"https:\/\/www.lecomptoirdupiment.com\" target=\"_blank\" rel=\"noopener noreferrer\">WEB<\/a><\/strong>\n<p><strong>LE GREINIER MILO\u00c9, <\/strong>P\u00e2tes fermi\u00e8res semi-compl\u00e8tes, farines et d\u00e9riv\u00e9s.<\/p>\n<p><strong>CHARCUTERIE BIHOU\u00c9 &#8211; <\/strong>Charcuterie artianale bretonne 22 <a href=\"https:\/\/www.google.fr\/search?q=charcuterie+bihou%C3%A9e&amp;sxsrf=ALiCzsaGPo8G7PpyiCPtPsKPdloKhTdeuw%3A1660637203050&amp;source=hp&amp;ei=E1D7YvhSkviXBOXQsPAO&amp;iflsig=AJiK0e8AAAAAYvteI7pg1QH7duIP2a8BMe00S3MjyXnr&amp;gs_ssp=eJzj4tZP1zcsSSlKKarIMGC0UjWoMLEwSDVKSzE0M0s2NkwxTbMyqEhMMjE3MzY3NEg1SU00TbLwEknOSCxKLi1JLcpMVUjKzMgvPbwyFQA6yBfY&amp;oq=CHARCUTERIE+BIHOU%C3%89&amp;gs_lcp=Cgdnd3Mtd2l6EAEYADILCC4QgAQQxwEQrwE6CgguEMcBENEDECc6BAgjECc6EQguEIAEELEDEIMBEMcBENEDOgsIABCABBCxAxCDAToLCC4QgAQQxwEQ0QM6BQgAEIAEOg0ILhDHARCvARDUAhBDOgUILhCABDoICC4QsQMQgwE6BAguEEM6CAgAELEDEIMBOggIABCABBCxAzoECAAQQzoLCC4QsQMQgwEQ1AI6CggAEIAEEIcCEBQ6CwguEIAEELEDEIMBOggILhCABBCxAzoICAAQgAQQyQM6BwgAELEDEEM6CAgAEJIDELgEOgYIABAeEBZQAFi6HmDzK2gAcAB4AIABmAGIAeALkgEEMTYuMpgBAKABAQ&amp;sclient=gws-wiz\">WEB<\/a><\/p>\n<p><strong>KERHELIX<\/strong> &#8211; \u00e9leveur d&#8217;escargots gros gris en plein air \u00e0 Plumelin.<\/p>\n<p><b>LES MACARONS DE MAMIZ &#8211; <\/b>Macarons \u00e0 l&#8217;ancienne fait maison \u00e0 GU\u00c9RANDE<\/p>\n<p>&nbsp;<\/p>\n<p>&nbsp;<\/p>\n<p>&nbsp;<\/p>\n\n","protected":false},"excerpt":{"rendered":"<p>PONT L&#8217;ABBE : Les exposants VINS &amp; SPIRITUEUX &nbsp; &nbsp; ALSACE DOMAINE HIRTZ &#8211; AOC Alsace , AOC Cr\u00e9mant.\u00a0WEB DOMAINE EDMOND RENTZ &#8211; Alsace .BIO BEAUJOLAIS DOMAINE du PRESSOIR FLEURI &#8211; Morgon &#8211; Chiroubles -Fleury-Beaujolais\u00a0 \u00a0 \u00a0 Blanc\u00a0\u00a0WEB BORDEAUX DOMAINE NOAILLES ET FILS &#8211; C\u00f4tes de Bourg Bordeaux ros\u00e9 CHATEAU TERRECIEL \u00a0&#8211; ST EMILION GRAND [&hellip;]<\/p>\n","protected":false},"author":1,"featured_media":0,"parent":0,"menu_order":0,"comment_status":"closed","ping_status":"closed","template":"","meta":[],"_links":{"self":[{"href":"http:\/\/armor-expo.fr\/FR\/wp-json\/wp\/v2\/pages\/113"}],"collection":[{"href":"http:\/\/armor-expo.fr\/FR\/wp-json\/wp\/v2\/pages"}],"about":[{"href":"http:\/\/armor-expo.fr\/FR\/wp-json\/wp\/v2\/types\/page"}],"author":[{"embeddable":true,"href":"http:\/\/armor-expo.fr\/FR\/wp-json\/wp\/v2\/users\/1"}],"replies":[{"embeddable":true,"href":"http:\/\/armor-expo.fr\/FR\/wp-json\/wp\/v2\/comments?post=113"}],"version-history":[{"count":53,"href":"http:\/\/armor-expo.fr\/FR\/wp-json\/wp\/v2\/pages\/113\/revisions"}],"predecessor-version":[{"id":1083,"href":"http:\/\/armor-expo.fr\/FR\/wp-json\/wp\/v2\/pages\/113\/revisions\/1083"}],"wp:attachment":[{"href":"http:\/\/armor-expo.fr\/FR\/wp-json\/wp\/v2\/media?parent=113"}],"curies":[{"name":"wp","href":"https:\/\/api.w.org\/{rel}","templated":true}]}}