{"id":141,"date":"2018-10-01T11:25:13","date_gmt":"2018-10-01T09:25:13","guid":{"rendered":"http:\/\/armor-expo.fr\/FR\/?page_id=141"},"modified":"2021-01-13T11:12:11","modified_gmt":"2021-01-13T10:12:11","slug":"presse-binic","status":"publish","type":"page","link":"http:\/\/armor-expo.fr\/FR\/presse-binic\/","title":{"rendered":"presse binic"},"content":{"rendered":"<h1 id=\"h.p_iQIRw-7h5E_w\">BINIC : Revue de presse<br \/>\n<\/h1>\n<h1>2015<\/h1>\n<p>T\u00e9l\u00e9chargez et consultez la revue de presse.<\/p>\n<p><a href=\"http:\/\/armor-expo.fr\/FR\/wp-content\/uploads\/2018\/10\/SALON-BINIC-2015.pdf\" target=\"_blank\" rel=\"noopener noreferrer\"><img decoding=\"async\" loading=\"lazy\" src=\"http:\/\/armor-expo.fr\/FR\/wp-content\/uploads\/2018\/10\/pdf.jpg\" alt=\"\" width=\"84\" height=\"83\" \/><\/a><\/p>\n<h1>2017<\/h1>\n<p>T\u00e9l\u00e9chargez et consultez la revue de presse.<\/p>\n<p><a href=\"http:\/\/armor-expo.fr\/FR\/wp-content\/uploads\/2018\/10\/SALON-BINIC-2017.pdf\" target=\"_blank\" rel=\"noopener noreferrer\"><img decoding=\"async\" loading=\"lazy\" src=\"http:\/\/armor-expo.fr\/FR\/wp-content\/uploads\/2018\/10\/pdf.jpg\" alt=\"\" width=\"84\" height=\"83\" \/><\/a><\/p>\n","protected":false},"excerpt":{"rendered":"<p>BINIC : Revue de presse 2015 T\u00e9l\u00e9chargez et consultez la revue de presse. 2017 T\u00e9l\u00e9chargez et consultez la revue de presse.<\/p>\n","protected":false},"author":1,"featured_media":0,"parent":0,"menu_order":0,"comment_status":"closed","ping_status":"closed","template":"","meta":[],"_links":{"self":[{"href":"http:\/\/armor-expo.fr\/FR\/wp-json\/wp\/v2\/pages\/141"}],"collection":[{"href":"http:\/\/armor-expo.fr\/FR\/wp-json\/wp\/v2\/pages"}],"about":[{"href":"http:\/\/armor-expo.fr\/FR\/wp-json\/wp\/v2\/types\/page"}],"author":[{"embeddable":true,"href":"http:\/\/armor-expo.fr\/FR\/wp-json\/wp\/v2\/users\/1"}],"replies":[{"embeddable":true,"href":"http:\/\/armor-expo.fr\/FR\/wp-json\/wp\/v2\/comments?post=141"}],"version-history":[{"count":1,"href":"http:\/\/armor-expo.fr\/FR\/wp-json\/wp\/v2\/pages\/141\/revisions"}],"predecessor-version":[{"id":641,"href":"http:\/\/armor-expo.fr\/FR\/wp-json\/wp\/v2\/pages\/141\/revisions\/641"}],"wp:attachment":[{"href":"http:\/\/armor-expo.fr\/FR\/wp-json\/wp\/v2\/media?parent=141"}],"curies":[{"name":"wp","href":"https:\/\/api.w.org\/{rel}","templated":true}]}}