{"id":150,"date":"2018-10-01T14:27:53","date_gmt":"2018-10-01T12:27:53","guid":{"rendered":"http:\/\/armor-expo.fr\/FR\/?page_id=150"},"modified":"2021-01-13T11:11:00","modified_gmt":"2021-01-13T10:11:00","slug":"presse-landerneau","status":"publish","type":"page","link":"http:\/\/armor-expo.fr\/FR\/presse-landerneau\/","title":{"rendered":"presse landerneau"},"content":{"rendered":"<h1 id=\"h.p_iQIRw-7h5E_w\">LANDERNEAU : Revue de presse<br \/>\n<\/h1>\n<h1>2018<\/h1>\n<p>T\u00e9l\u00e9chargez et consultez <img decoding=\"async\" loading=\"lazy\" src=\"http:\/\/armor-expo.fr\/FR\/wp-content\/uploads\/2018\/10\/land-2018-300x192.jpg\" alt=\"\" width=\"300\" height=\"192\" \/> <img decoding=\"async\" loading=\"lazy\" src=\"http:\/\/armor-expo.fr\/FR\/wp-content\/uploads\/2018\/10\/OF-land-2018-233x300.jpg\" alt=\"\" width=\"233\" height=\"300\" \/> <img decoding=\"async\" loading=\"lazy\" src=\"http:\/\/armor-expo.fr\/FR\/wp-content\/uploads\/2018\/10\/OF1-LAND-2018-300x235.jpg\" alt=\"\" width=\"300\" height=\"235\" \/> <img decoding=\"async\" loading=\"lazy\" src=\"http:\/\/armor-expo.fr\/FR\/wp-content\/uploads\/2018\/10\/land-2018-copie-300x227.jpg\" alt=\"\" width=\"300\" height=\"227\" \/> <img decoding=\"async\" loading=\"lazy\" src=\"http:\/\/armor-expo.fr\/FR\/wp-content\/uploads\/2018\/10\/land-4-2018-198x300.jpg\" alt=\"\" width=\"198\" height=\"300\" \/> <img decoding=\"async\" loading=\"lazy\" src=\"http:\/\/armor-expo.fr\/FR\/wp-content\/uploads\/2018\/10\/land-3-2018-125x300.jpg\" alt=\"\" width=\"125\" height=\"300\" \/>la revue de presse.<\/p>\n<p><h1>2016<\/h1>\n<p>T\u00e9l\u00e9chargez et consultez la revue de presse.<\/p>\n<p><a href=\"http:\/\/armor-expo.fr\/FR\/wp-content\/uploads\/2018\/10\/SALON-LANDERNEAU-2016.pdf\" target=\"_blank\" rel=\"noopener noreferrer\"><img decoding=\"async\" loading=\"lazy\" src=\"http:\/\/armor-expo.fr\/FR\/wp-content\/uploads\/2018\/10\/pdf.jpg\" alt=\"\" width=\"84\" height=\"83\" \/><\/a><\/p>\n<h1>2017<\/h1>\n<p>T\u00e9l\u00e9chargez et consultez la revue de presse.<\/p>\n<p><a href=\"http:\/\/armor-expo.fr\/FR\/wp-content\/uploads\/2018\/10\/SALON-LANDERNEAU-2017.pdf\" target=\"_blank\" rel=\"noopener noreferrer\"><img decoding=\"async\" loading=\"lazy\" src=\"http:\/\/armor-expo.fr\/FR\/wp-content\/uploads\/2018\/10\/pdf.jpg\" alt=\"\" width=\"84\" height=\"83\" \/><\/a><\/p>\n","protected":false},"excerpt":{"rendered":"<p>LANDERNEAU : Revue de presse 2018 T\u00e9l\u00e9chargez et consultez la revue de presse. 2016 T\u00e9l\u00e9chargez et consultez la revue de presse. 2017 T\u00e9l\u00e9chargez et consultez la revue de presse.<\/p>\n","protected":false},"author":1,"featured_media":0,"parent":0,"menu_order":0,"comment_status":"closed","ping_status":"closed","template":"","meta":[],"_links":{"self":[{"href":"http:\/\/armor-expo.fr\/FR\/wp-json\/wp\/v2\/pages\/150"}],"collection":[{"href":"http:\/\/armor-expo.fr\/FR\/wp-json\/wp\/v2\/pages"}],"about":[{"href":"http:\/\/armor-expo.fr\/FR\/wp-json\/wp\/v2\/types\/page"}],"author":[{"embeddable":true,"href":"http:\/\/armor-expo.fr\/FR\/wp-json\/wp\/v2\/users\/1"}],"replies":[{"embeddable":true,"href":"http:\/\/armor-expo.fr\/FR\/wp-json\/wp\/v2\/comments?post=150"}],"version-history":[{"count":2,"href":"http:\/\/armor-expo.fr\/FR\/wp-json\/wp\/v2\/pages\/150\/revisions"}],"predecessor-version":[{"id":638,"href":"http:\/\/armor-expo.fr\/FR\/wp-json\/wp\/v2\/pages\/150\/revisions\/638"}],"wp:attachment":[{"href":"http:\/\/armor-expo.fr\/FR\/wp-json\/wp\/v2\/media?parent=150"}],"curies":[{"name":"wp","href":"https:\/\/api.w.org\/{rel}","templated":true}]}}