{"id":152,"date":"2018-10-01T14:28:30","date_gmt":"2018-10-01T12:28:30","guid":{"rendered":"http:\/\/armor-expo.fr\/FR\/?page_id=152"},"modified":"2021-01-13T11:11:46","modified_gmt":"2021-01-13T10:11:46","slug":"presse-perros-guirec","status":"publish","type":"page","link":"http:\/\/armor-expo.fr\/FR\/presse-perros-guirec\/","title":{"rendered":"presse perros guirec"},"content":{"rendered":"<h1 id=\"h.p_iQIRw-7h5E_w\">PERROS GUIREC : Revue de presse<br \/>\n<\/h1>\n<h1>2015<\/h1>\n<p>T\u00e9l\u00e9chargez et consultez la revue de presse.<\/p>\n<p><a href=\"http:\/\/armor-expo.fr\/FR\/wp-content\/uploads\/2018\/10\/SALON-PERROS-2015.pdf\" target=\"_blank\" rel=\"noopener noreferrer\"><img decoding=\"async\" loading=\"lazy\" src=\"http:\/\/armor-expo.fr\/FR\/wp-content\/uploads\/2018\/10\/pdf.jpg\" alt=\"\" width=\"84\" height=\"83\" \/><\/a><\/p>\n<p><h1>2016<\/h1>\n<p>T\u00e9l\u00e9chargez et consultez la revue de presse.<\/p>\n<p><a href=\"http:\/\/armor-expo.fr\/FR\/wp-content\/uploads\/2018\/10\/SALON-PERROS-2016.pdf\" target=\"_blank\" rel=\"noopener noreferrer\"><img decoding=\"async\" loading=\"lazy\" src=\"http:\/\/armor-expo.fr\/FR\/wp-content\/uploads\/2018\/10\/pdf.jpg\" alt=\"\" width=\"84\" height=\"83\" \/><\/a><\/p>\n<h1>2017<\/h1>\n<p>T\u00e9l\u00e9chargez et consultez la revue de presse.<\/p>\n<p><a href=\"http:\/\/armor-expo.fr\/FR\/wp-content\/uploads\/2018\/10\/SALON-PERROS-2017.pdf\" target=\"_blank\" rel=\"noopener noreferrer\"><img decoding=\"async\" loading=\"lazy\" src=\"http:\/\/armor-expo.fr\/FR\/wp-content\/uploads\/2018\/10\/pdf.jpg\" alt=\"\" width=\"84\" height=\"83\" \/><\/a><\/p>\n","protected":false},"excerpt":{"rendered":"<p>PERROS GUIREC : Revue de presse 2015 T\u00e9l\u00e9chargez et consultez la revue de presse. 2016 T\u00e9l\u00e9chargez et consultez la revue de presse. 2017 T\u00e9l\u00e9chargez et consultez la revue de presse.<\/p>\n","protected":false},"author":1,"featured_media":0,"parent":0,"menu_order":0,"comment_status":"closed","ping_status":"closed","template":"","meta":[],"_links":{"self":[{"href":"http:\/\/armor-expo.fr\/FR\/wp-json\/wp\/v2\/pages\/152"}],"collection":[{"href":"http:\/\/armor-expo.fr\/FR\/wp-json\/wp\/v2\/pages"}],"about":[{"href":"http:\/\/armor-expo.fr\/FR\/wp-json\/wp\/v2\/types\/page"}],"author":[{"embeddable":true,"href":"http:\/\/armor-expo.fr\/FR\/wp-json\/wp\/v2\/users\/1"}],"replies":[{"embeddable":true,"href":"http:\/\/armor-expo.fr\/FR\/wp-json\/wp\/v2\/comments?post=152"}],"version-history":[{"count":1,"href":"http:\/\/armor-expo.fr\/FR\/wp-json\/wp\/v2\/pages\/152\/revisions"}],"predecessor-version":[{"id":640,"href":"http:\/\/armor-expo.fr\/FR\/wp-json\/wp\/v2\/pages\/152\/revisions\/640"}],"wp:attachment":[{"href":"http:\/\/armor-expo.fr\/FR\/wp-json\/wp\/v2\/media?parent=152"}],"curies":[{"name":"wp","href":"https:\/\/api.w.org\/{rel}","templated":true}]}}