{"id":154,"date":"2018-10-01T14:29:11","date_gmt":"2018-10-01T12:29:11","guid":{"rendered":"http:\/\/armor-expo.fr\/FR\/?page_id=154"},"modified":"2021-01-13T11:11:23","modified_gmt":"2021-01-13T10:11:23","slug":"presse-pont-abbe","status":"publish","type":"page","link":"http:\/\/armor-expo.fr\/FR\/presse-pont-abbe\/","title":{"rendered":"presse pont l&#8217;abb\u00e9"},"content":{"rendered":"<h1 id=\"h.p_iQIRw-7h5E_w\">PONT L&#8217;ABBE : Revue de presse<br \/>\n<\/h1>\n<h1>2015<\/h1>\n<p>T\u00e9l\u00e9chargez et consultez la revue de presse.<\/p>\n<p><a href=\"http:\/\/armor-expo.fr\/FR\/wp-content\/uploads\/2018\/10\/SALON-PONTABBE-2015.pdf\" target=\"_blank\" rel=\"noopener noreferrer\"><img decoding=\"async\" loading=\"lazy\" src=\"http:\/\/armor-expo.fr\/FR\/wp-content\/uploads\/2018\/10\/pdf.jpg\" alt=\"\" width=\"84\" height=\"83\" \/><\/a><\/p>\n<h1>2016<\/h1>\n<p>T\u00e9l\u00e9chargez et consultez la revue de presse.<\/p>\n<p><a href=\"http:\/\/armor-expo.fr\/FR\/wp-content\/uploads\/2018\/10\/SALON-PONTABBE-2016.pdf\" target=\"_blank\" rel=\"noopener noreferrer\"><img decoding=\"async\" loading=\"lazy\" src=\"http:\/\/armor-expo.fr\/FR\/wp-content\/uploads\/2018\/10\/pdf.jpg\" alt=\"\" width=\"84\" height=\"83\" \/><\/a><\/p>\n<h1>\u00a0 \u00a0 \u00a02018<\/h1>\n<p>&nbsp;<\/p>\n","protected":false},"excerpt":{"rendered":"<p>PONT L&#8217;ABBE : Revue de presse 2015 T\u00e9l\u00e9chargez et consultez la revue de presse. 2016 T\u00e9l\u00e9chargez et consultez la revue de presse. \u00a0 \u00a0 \u00a02018 &nbsp;<\/p>\n","protected":false},"author":1,"featured_media":0,"parent":0,"menu_order":0,"comment_status":"closed","ping_status":"closed","template":"","meta":[],"_links":{"self":[{"href":"http:\/\/armor-expo.fr\/FR\/wp-json\/wp\/v2\/pages\/154"}],"collection":[{"href":"http:\/\/armor-expo.fr\/FR\/wp-json\/wp\/v2\/pages"}],"about":[{"href":"http:\/\/armor-expo.fr\/FR\/wp-json\/wp\/v2\/types\/page"}],"author":[{"embeddable":true,"href":"http:\/\/armor-expo.fr\/FR\/wp-json\/wp\/v2\/users\/1"}],"replies":[{"embeddable":true,"href":"http:\/\/armor-expo.fr\/FR\/wp-json\/wp\/v2\/comments?post=154"}],"version-history":[{"count":3,"href":"http:\/\/armor-expo.fr\/FR\/wp-json\/wp\/v2\/pages\/154\/revisions"}],"predecessor-version":[{"id":639,"href":"http:\/\/armor-expo.fr\/FR\/wp-json\/wp\/v2\/pages\/154\/revisions\/639"}],"wp:attachment":[{"href":"http:\/\/armor-expo.fr\/FR\/wp-json\/wp\/v2\/media?parent=154"}],"curies":[{"name":"wp","href":"https:\/\/api.w.org\/{rel}","templated":true}]}}