{"id":37,"date":"2018-09-26T14:39:42","date_gmt":"2018-09-26T12:39:42","guid":{"rendered":"http:\/\/armor-expo.fr\/FR\/?page_id=37"},"modified":"2026-03-19T15:57:28","modified_gmt":"2026-03-19T14:57:28","slug":"binic","status":"publish","type":"page","link":"http:\/\/armor-expo.fr\/FR\/binic\/","title":{"rendered":"binic"},"content":{"rendered":"\n\n\t<h1 id=\"h.p_iQIRw-7h5E_w\">SALON VINS ET GASTRONOMIE &#8211; \u00a0BINIC (22)<\/h1>\n<p><strong>24e \u00c9DITION<\/strong><\/p>\n<h1>12\/13\/14 F\u00c9VRIER 2027<\/h1>\n\t<strong>Le salon Vins &amp; gastronomie \u00a0de BINIC<\/strong> est le rendez vous incontournable de ce week-end pour les amoureux de la gastronomie. 24<strong>e \u00e9dition avec plus de 40 exposants<\/strong> de toute la France, viticulteurs et producteurs, qui proposent tous de faire d\u00e9guster un \u00e9ventail de produits qui ravira les palais les plus exigeants.\n<p>C&#8217;est un \u00e9v\u00e9nement qui s&#8217;adresse aux amateurs de vin et de gastronomie. Il met en avant les meilleurs produits du vin et de la gastronomie, offrant aux visiteurs une chance de s&#8217;immerger dans le monde des vins et des mets fins.<\/p>\n<p>Au cours du salon, les visiteurs auront l&#8217;occasion de d\u00e9guster une vari\u00e9t\u00e9 de vins de diff\u00e9rents producteurs et r\u00e9gions, de d\u00e9couvrir des produits de gastronomie de qualit\u00e9 et de s&#8217;informer sur les tendances en mati\u00e8re de vins et de gastronomie.<\/p>\n<p>Fort de son anciennet\u00e9 ancr\u00e9 dans les esprits et de son\u00a0dynamisme, il est un succ\u00e8s tous les ans.<\/p>\n<p>Tr\u00e8s\u00a0attendu, ce salon install\u00e9 au bord de la\u00a0mer est une escale printani\u00e8re gourmande incontournable sur la c\u00f4te de Goo\u00ealo.<\/p>\n<strong>D\u00e9gustations et entr\u00e9es gratuites, participation gratuite pour tous \u00e0 la tombola pour gagner de nombreux lots gourmands.<\/strong>\n\t\t\t\t<img decoding=\"async\" src=\"http:\/\/armor-expo.fr\/FR\/wp-content\/uploads\/2018\/09\/7.jpg\" alt=\"7\" itemprop=\"image\" title=\"7\" onerror=\"this.style.display='none'\" loading=\"lazy\" \/>\n\t<h1>VOIR L&#8217;ENSEMBLE DES EXPOSANTS<\/h1>\n<p><a href=\"http:\/\/armor-expo.fr\/FR\/exposants-binic\/\"><img decoding=\"async\" loading=\"lazy\" src=\"http:\/\/armor-expo.fr\/FR\/wp-content\/uploads\/2018\/09\/bouton.png\" alt=\"\" width=\"100\" height=\"100\" \/><\/a><\/p>\n\t<h1 id=\"h.p_iQIRw-7h5E_w\">Lieu, Jours &amp; heures d&#8217;ouverture<\/h1>\n\t<h2 id=\"h.p_D1SrLEzrXob1\"><strong>SALLE DE L&#8217;ESTRAN<\/strong><\/h2>\n<p>7<\/p>\n<h2>VENDREDI \u00a012 F\u00c9VRIER 2027 :\u00a0 14H\/19H<br \/>\nSAMEDI 13 F\u00c9VRIER \u00a02027 :\u00a0 10H\/19H<br \/>\nDIMANCHE 14 F\u00c9VRIER 2027 :\u00a0 10H\/18H<\/h2>\n<h2 id=\"h.p_vKmEIBPcXozl\">ENTR\u00c9E : GRATUITE<\/h2>\n<p>Admission : Les animaux ne sont pas admis sur le salon.<\/p>\n<p>L&#8217;abus d&#8217;alcool est dangereux pour la sant\u00e9, \u00e0 consommer avec mod\u00e9ration.<\/p>\n<p>Pour votre sant\u00e9, \u00e9vitez de manger trop gras, trop sucr\u00e9, trop sal\u00e9. www.mangerbouger.fr<\/p>\n\t<iframe loading=\"lazy\" src=\"https:\/\/www.google.com\/maps\/embed?pb=!1m14!1m8!1m3!1d5276.893730008566!2d-2.826118!3d48.601289!3m2!1i1024!2i768!4f13.1!3m3!1m2!1s0x4811fdd9d1d0cc5f%3A0x4a8ce436fddc469f!2s2+Quai+de+Courcy%2C+22520+Binic%2C+France!5e0!3m2!1sfr!2sus!4v1537968352639\" width=\"100%\" height=\"300\" frameborder=\"0\" allowfullscreen><\/iframe>\n\n","protected":false},"excerpt":{"rendered":"<p>SALON VINS ET GASTRONOMIE &#8211; \u00a0BINIC (22) 24e \u00c9DITION 12\/13\/14 F\u00c9VRIER 2027 Le salon Vins &amp; gastronomie \u00a0de BINIC est le rendez vous incontournable de ce week-end pour les amoureux de la gastronomie. 24e \u00e9dition avec plus de 40 exposants de toute la France, viticulteurs et producteurs, qui proposent tous de faire d\u00e9guster un \u00e9ventail [&hellip;]<\/p>\n","protected":false},"author":1,"featured_media":0,"parent":0,"menu_order":0,"comment_status":"closed","ping_status":"closed","template":"","meta":[],"_links":{"self":[{"href":"http:\/\/armor-expo.fr\/FR\/wp-json\/wp\/v2\/pages\/37"}],"collection":[{"href":"http:\/\/armor-expo.fr\/FR\/wp-json\/wp\/v2\/pages"}],"about":[{"href":"http:\/\/armor-expo.fr\/FR\/wp-json\/wp\/v2\/types\/page"}],"author":[{"embeddable":true,"href":"http:\/\/armor-expo.fr\/FR\/wp-json\/wp\/v2\/users\/1"}],"replies":[{"embeddable":true,"href":"http:\/\/armor-expo.fr\/FR\/wp-json\/wp\/v2\/comments?post=37"}],"version-history":[{"count":27,"href":"http:\/\/armor-expo.fr\/FR\/wp-json\/wp\/v2\/pages\/37\/revisions"}],"predecessor-version":[{"id":1104,"href":"http:\/\/armor-expo.fr\/FR\/wp-json\/wp\/v2\/pages\/37\/revisions\/1104"}],"wp:attachment":[{"href":"http:\/\/armor-expo.fr\/FR\/wp-json\/wp\/v2\/media?parent=37"}],"curies":[{"name":"wp","href":"https:\/\/api.w.org\/{rel}","templated":true}]}}