{"id":50,"date":"2018-09-26T15:08:43","date_gmt":"2018-09-26T13:08:43","guid":{"rendered":"http:\/\/armor-expo.fr\/FR\/?page_id=50"},"modified":"2026-02-11T16:00:39","modified_gmt":"2026-02-11T15:00:39","slug":"exposants-binic","status":"publish","type":"page","link":"http:\/\/armor-expo.fr\/FR\/exposants-binic\/","title":{"rendered":"exposants binic"},"content":{"rendered":"\n\n\t<h1 id=\"h.p_iQIRw-7h5E_w\">BINIC : Les exposants<br \/>\n<\/h1>\n\t<h1>VINS &amp; SPIRITUEUX<\/h1>\n\t<p>&nbsp;<\/p>\n<p><strong><em>ALSACE<\/em><\/strong><\/p>\n<p><strong>Vins C &amp; Fils BANNWARTH<\/strong> &#8211; (Sylvaner, Riesling,Muscat, Pinot, Gewurztraminer&#8230;..)\u00a0<strong><a href=\"https:\/\/www.vins-bannwarth.com\/\">WEB<\/a><\/strong><\/p>\n<p>&nbsp;<\/p>\n<p><em><strong>BORDEAUX<\/strong><\/em><\/p>\n<h5><strong>CH\u00c2TEAU BOURGENEY<\/strong> &#8211; BORDEAUX (rouge) \u00a0 <a href=\"https:\/\/chateau-bourgeney.fr\/phone\/presentation.html\"><strong>\u00a0WEB<\/strong><\/a><\/h5>\n<h5><strong>CH\u00c2TEAU LA TESSONNI\u00c8RE<\/strong> &#8211;\u00a0 M\u00e9doc. \u00a0<a href=\"https:\/\/www.chateau-latessonniere.com\/\"><strong>WEB<\/strong><\/a><\/h5>\n<h5><strong>VIGNOBLES RABOUTET<\/strong> &#8211;\u00a0 AOC Blaye C\u00f4tes de Bordeaux, C\u00f4tes de Bourg&#8230; \u00a0 <a href=\"https:\/\/www.vignoblesraboutet.fr\/\"><strong>\u00a0WEB<\/strong><\/a><\/h5>\n<h5><strong>Vignobles ROY-TROCARD<\/strong> -Lalande de Pomerol Pessac-Leognan, Fronsac. \u00a0 \u00a0 \u00a0<a href=\"https:\/\/www.roy-trocard.com\/\"><strong>WEB<\/strong><\/a><\/h5>\n<p><strong>CH\u00c2TEAU DUVERGER &#8211; <\/strong>Graves<\/p>\n<p><em><strong>BOURGOGNE<\/strong><\/em><\/p>\n<p><em><strong><b>DOMAINE DU DUC \u00a0DE MAGENTA <\/b><\/strong><\/em>Chassagne Montrachet 1er cru, Puligny les Houill\u00e8res m\u00e2con, Gamay &#8230;<\/p>\n<p><em><strong>CHAMPAGNE<\/strong><\/em><\/p>\n<strong>CHAMPAGNE MOUTAUX<\/strong>\n<p>\u00a0<em><strong><em>\u00a0VALL\u00c9E DU RH\u00d4NE<\/em>\u00a0\u00a0<\/strong><\/em><\/p>\n<p><strong>DOMAINE du GRAND MONTMIRAIL \u00a0 \u00a0 \u00a0 \u00a0 <\/strong>Vacqueyras &#8211; Gigondas<\/p>\n\t<p><em>LANGUEDOC-ROUSSILLON<\/em><\/p>\n<p><strong>DOMAINE PASTOR<\/strong> &#8211; AOP Faug\u00e8res<\/p>\n<p><strong>DOMAINE PRIEUR\u00c9 SAINTE-MARIE D&#8217;ALBAS<\/strong> &#8211; AOP Corbi\u00e8res, IGP Pays d&#8217;oc<\/p>\n<p><em><strong>VAL DE LOIRE<\/strong><\/em><\/p>\n<p><strong>DOMAINE MENARD<\/strong> &#8211;<strong>BIO<\/strong> &#8211;\u00a0 AOC Bourgueil. \u00a0<a href=\"https:\/\/www.domainemenard.com\/\"><strong>WEB<\/strong><\/a><\/p>\n<p><strong>DOMAINE de CHAINTRE<\/strong> &#8211; Muscadet &#8230;<a href=\"https:\/\/www.facebook.com\/Domaine-de-Chaintre-104022748032891\/\"><strong>FACEBOOK<\/strong><\/a><\/p>\n<p><strong>DOMAINE de la PINSONNIERE<\/strong> &#8211; Vouvray &#8211; <a href=\"http:\/\/www.lapinsonniere.fr\" target=\"_blank\" rel=\"noopener noreferrer\"><strong>WEB<\/strong><\/a><\/p>\n<p><strong>EARL COUSSEAU-BOIREAU<\/strong> &#8211; AOC St-Nicolas-de-Bourgueil.<\/p>\n<p><strong>DOMAINE GUY BAUDIN &#8211; <\/strong>Pouilly\/Loire , Pouilly-fum\u00e9. \u00a0<a href=\"https:\/\/www.pouilly-fume.com\/accueil\/pouilly.php?rep=vignerons&amp;page=fiche.php&amp;id=5\"><strong>WEB<\/strong><\/a><\/p>\n<p>&nbsp;<\/p>\n<p><strong><em>AUTRES <\/em><\/strong><\/p>\n<p>\u00a0<strong>BZ &#8216;RHUM<\/strong> \u00a0Rhum arrang\u00e9 et cocktail \u00e0 base de rhum<\/p>\n<p><strong>TIMEDIS<\/strong> Vins Italien<\/p>\n<p><strong>DISTILLERIE DE LORIENT<\/strong> SPIRITUEUX<\/p>\n<p>&nbsp;<\/p>\n<p><strong>\u00a0<\/strong><\/p>\n<p><b>\u00a0<\/b><\/p>\n\t<h1>GASTRONOMIE &amp; DIVERS<\/h1>\n\t<p>LA<strong> FLORE DES PYRENEES<\/strong> &#8211; Miels poly floraux, pollen, pain d&#8217;\u00e9pices, confitures \u00a0<a href=\"https:\/\/www.bienvenue-a-la-ferme.com\/occitanie\/hautes-pyrenees\/begole\/ferme\/la-flore-des-pyrenees\/94240\"><strong> WEB<\/strong><\/a><\/p>\n<strong>CONFRERIE DE LA COQUILLE ST JACQUES<\/strong> &#8211; Coquilles SAINT-JACQUES \u00a0 \u00a0 \u00a0 \u00a0 \u00a0 \u00a0 \u00a0<a href=\"https:\/\/www.coquille-saint-jacques.org\/\"><strong>WEB<\/strong><\/a>\n<strong>LE MAS DE CLERGUE<\/strong>&#8211; Olives, huiles d&#8217;Olive , Vinaigres, tapenades, Confits, Confitures&#8230;\n<p>\u00a0<strong>AUX D\u00c9LICES CATALANS &#8211; <\/strong>Charcuterie s\u00e8che Catalane<\/p>\n<p><strong>ARGIKO AZIA &#8211; <\/strong>Piment d&#8217;Espelette -Epices \u00e0 base de piment d&#8217;espelette<\/p>\n<p><strong>MAP ITALIA<\/strong> &#8211; \u00a0Italie<\/p>\n<p><strong>LAMBR&#8217;1<\/strong> Caramels au beurre sal\u00e9, p\u00e2tes de fruits, confitures&#8230;<\/p>\n<p><strong>AUX D\u00c9LICES DE MONSIEUR PATTE D&#8217;OURS <\/strong>Vinaigres, huiles de noix et noisettes&#8230;<\/p>\n<p><strong>GALEK HERVE \u00a0 \u00a0 <\/strong>Pains, g\u00e2teaux, brioches, \u00a0kouign-amann, \u00a0pain d&#8217;\u00e9pices<\/p>\n<p>&nbsp;<\/p>\n<p>&nbsp;<\/p>\n<p>&nbsp;<\/p>\n<p>&nbsp;<\/p>\n\t<p><strong>\u00d4 SAVEURS des MONTAGNES<\/strong> &#8211; Fromages \u00e0 la coupe, comt\u00e9, beaufort, gruy\u00e8re&#8230;.<strong>FACEBOOK<\/strong><\/p>\n<strong>FERME DE LA PATTE D&#8217;OIE<\/strong> &#8211; Foie Gras &#8211; <a href=\"http:\/\/www.fermedelapattedoie.fr\" target=\"_blank\" rel=\"noopener noreferrer\"><strong>WEB<\/strong><\/a>\n<strong>LOU LOMBRES<\/strong> &#8211; Fromage , charcuterie des Pyr\u00e9n\u00e9es. &#8211;<strong><a href=\"http:\/\/www.loulombres.com\" target=\"_blank\" rel=\"noopener noreferrer\"> WEB<\/a><\/strong>\n<strong>LA FERME\u00a0 CARLES\u00a0<\/strong>&#8211; Foie Gras &#8211; <strong><a href=\"mailto:fermecarles@orange.fr\" target=\"_blank\" rel=\"noopener noreferrer\">MAIL<\/a>\u00a0 \u00a0<\/strong><b>\u00a0<\/b>\n<p><strong>SP\u00c9CIALIT\u00c9S DU MAROC<\/strong> Huile d&#8217;argan, miels, g\u00e2teaux&#8230;<\/p>\n<p><strong>\u00a0JD&#8217;EPICES \u00a0&#8211; vanille, th\u00e9s, sels poivres, chocolats, confitures&#8230;<\/strong><\/p>\n<p><strong>MAISON LEMAT &#8211; <\/strong>Macarons et oursons guimauve<\/p>\n<p><strong>LES SAVEURS DE NOMA &#8211; <\/strong>Th\u00e9s, ROOIBOS, Noix de cajou&#8230;<\/p>\n<p><strong>CORSICA BREIZH<\/strong> \u00a0Gastronomie Corse<\/p>\n<p><strong>\u00a0<\/strong><\/p>\n<p><strong>FOOD TRUCK Cr\u00e8pes-galettes-cidre&#8230;<\/strong><\/p>\n\n","protected":false},"excerpt":{"rendered":"<p>BINIC : Les exposants VINS &amp; SPIRITUEUX &nbsp; ALSACE Vins C &amp; Fils BANNWARTH &#8211; (Sylvaner, Riesling,Muscat, Pinot, Gewurztraminer&#8230;..)\u00a0WEB &nbsp; BORDEAUX CH\u00c2TEAU BOURGENEY &#8211; BORDEAUX (rouge) \u00a0 \u00a0WEB CH\u00c2TEAU LA TESSONNI\u00c8RE &#8211;\u00a0 M\u00e9doc. \u00a0WEB VIGNOBLES RABOUTET &#8211;\u00a0 AOC Blaye C\u00f4tes de Bordeaux, C\u00f4tes de Bourg&#8230; \u00a0 \u00a0WEB Vignobles ROY-TROCARD -Lalande de Pomerol Pessac-Leognan, Fronsac. \u00a0 [&hellip;]<\/p>\n","protected":false},"author":1,"featured_media":0,"parent":0,"menu_order":0,"comment_status":"closed","ping_status":"closed","template":"","meta":[],"_links":{"self":[{"href":"http:\/\/armor-expo.fr\/FR\/wp-json\/wp\/v2\/pages\/50"}],"collection":[{"href":"http:\/\/armor-expo.fr\/FR\/wp-json\/wp\/v2\/pages"}],"about":[{"href":"http:\/\/armor-expo.fr\/FR\/wp-json\/wp\/v2\/types\/page"}],"author":[{"embeddable":true,"href":"http:\/\/armor-expo.fr\/FR\/wp-json\/wp\/v2\/users\/1"}],"replies":[{"embeddable":true,"href":"http:\/\/armor-expo.fr\/FR\/wp-json\/wp\/v2\/comments?post=50"}],"version-history":[{"count":51,"href":"http:\/\/armor-expo.fr\/FR\/wp-json\/wp\/v2\/pages\/50\/revisions"}],"predecessor-version":[{"id":1090,"href":"http:\/\/armor-expo.fr\/FR\/wp-json\/wp\/v2\/pages\/50\/revisions\/1090"}],"wp:attachment":[{"href":"http:\/\/armor-expo.fr\/FR\/wp-json\/wp\/v2\/media?parent=50"}],"curies":[{"name":"wp","href":"https:\/\/api.w.org\/{rel}","templated":true}]}}