{"id":59,"date":"2018-09-26T16:00:38","date_gmt":"2018-09-26T14:00:38","guid":{"rendered":"http:\/\/armor-expo.fr\/FR\/?page_id=59"},"modified":"2026-02-11T16:02:02","modified_gmt":"2026-02-11T15:02:02","slug":"perros-guirrec","status":"publish","type":"page","link":"http:\/\/armor-expo.fr\/FR\/perros-guirrec\/","title":{"rendered":"perros guirrec"},"content":{"rendered":"\n\n\t<h1 id=\"h.p_iQIRw-7h5E_w\"><\/h1>\n<h1>PERROS GUIREC (22)<\/h1>\n<h1>29e Salon Vins et Gastronomie<\/h1>\n<p><em><strong>\u00a0 \u00a0<\/strong><\/em><em><strong>LES \u00a017\/18\/19\/20 AVRIL 2026<\/strong><\/em><\/p>\n<p><em><strong>\u00a0 \u00a0 ESPLANADE DE LA DOUANE\u00a0<\/strong><\/em><\/p>\n<p>&nbsp;<\/p>\n<h1><em><strong>\u00a0<\/strong><\/em><\/h1>\n\t<p><strong>C&#8217;est le plus ancien des salons organis\u00e9 par Armor expo<\/strong>, pour sa 29e ann\u00e9e, le dynamisme de ce salon sous chapiteau permettra de pr\u00e9senter les productions d&#8217;une petite centaine d&#8217;exposants passionn\u00e9s \u00e0 de tr\u00e8s nombreux visiteurs habitu\u00e9s.<\/p>\n<p>Tr\u00e8s attendu, ce salon, install\u00e9 face \u00e0 la mer est une escale printani\u00e8re gourmande, incontournable sur la c\u00f4te de granit rose.<\/p>\n<p><strong>Fort de son anciennet\u00e9 ancr\u00e9e dans les esprits et de son dynamisme, il est un succ\u00e8s tous les ans.<\/strong><\/p>\n<p>Ce salon b\u00e9n\u00e9ficie d&#8217;une tr\u00e8s large campagne de communication ( affiches, radio, presses&#8230;) et d&#8217;un partenariat avec radio Bonheur et Ouest-France<\/p>\n<p><strong>Entr\u00e9es gratuites, grande tombola et restauration sur place.<\/strong><\/p>\n\t\t\t\t<img decoding=\"async\" src=\"http:\/\/armor-expo.fr\/FR\/wp-content\/uploads\/2018\/09\/8.jpg\" alt=\"8\" itemprop=\"image\" title=\"8\" onerror=\"this.style.display='none'\" loading=\"lazy\" \/>\n\t<h1>VOIR L&#8217;ENSEMBLE DES EXPOSANTS<\/h1>\n<p><a href=\"http:\/\/armor-expo.fr\/FR\/exposants-perros-guirec\/\"><img decoding=\"async\" loading=\"lazy\" src=\"http:\/\/armor-expo.fr\/FR\/wp-content\/uploads\/2018\/09\/bouton.png\" alt=\"\" width=\"100\" height=\"100\" \/><\/a><\/p>\n\t<h1 id=\"h.p_iQIRw-7h5E_w\">Lieu, Jours &amp; heures d&#8217;ouverture<\/h1>\n\t<h2 id=\"h.p_D1SrLEzrXob1\"><strong>ESPLANADE DE LA DOUANE<\/strong><\/h2>\n<p>&nbsp;<\/p>\n<h2>VENDREDI 17 AVRIL 2026 :\u00a0 14H\/20H<br \/>\nSAMEDI 18 AVRIL 2026 :\u00a0 10H\/20H<br \/>\nDIMANCHE 219 AVRIL 2026 :\u00a0 10H\/19H<\/h2>\n<h5>LUNDI 20 AVRIL 2026 : 10H\/17H<\/h5>\n\n<p>&nbsp;<\/p>\n<h2 id=\"h.p_vKmEIBPcXozl\">ENTR\u00c9E GRATUITE<\/h2>\n<p>Admission : Les animaux ne sont pas admis sur le salon.<\/p>\n<p>L&#8217;abus d&#8217;alcool est dangereux pour la sant\u00e9, \u00e0 consommer avec mod\u00e9ration. Pour votre sant\u00e9, \u00e9vitez de manger trop gras, trop sucr\u00e9, trop sal\u00e9. www.mangerbouger.fr<\/p>\n\t<iframe loading=\"lazy\" src=\"https:\/\/www.google.com\/maps\/embed?pb=!1m14!1m8!1m3!1d21022.779210525503!2d-3.442577!3d48.803891!3m2!1i1024!2i768!4f13.1!3m3!1m2!1s0x48122e7048fed257%3A0xd1ab168026d1f8a1!2s34+Rue+Ernest+Renan%2C+22700+Perros-Guirec%2C+France!5e0!3m2!1sfr!2sus!4v1538034483596\" width=\"100%\" height=\"380\" frameborder=\"0\" allowfullscreen><\/iframe>\n\n","protected":false},"excerpt":{"rendered":"<p>PERROS GUIREC (22) 29e Salon Vins et Gastronomie \u00a0 \u00a0LES \u00a017\/18\/19\/20 AVRIL 2026 \u00a0 \u00a0 ESPLANADE DE LA DOUANE\u00a0 &nbsp; \u00a0 C&#8217;est le plus ancien des salons organis\u00e9 par Armor expo, pour sa 29e ann\u00e9e, le dynamisme de ce salon sous chapiteau permettra de pr\u00e9senter les productions d&#8217;une petite centaine d&#8217;exposants passionn\u00e9s \u00e0 de tr\u00e8s [&hellip;]<\/p>\n","protected":false},"author":1,"featured_media":0,"parent":0,"menu_order":0,"comment_status":"closed","ping_status":"closed","template":"","meta":[],"_links":{"self":[{"href":"http:\/\/armor-expo.fr\/FR\/wp-json\/wp\/v2\/pages\/59"}],"collection":[{"href":"http:\/\/armor-expo.fr\/FR\/wp-json\/wp\/v2\/pages"}],"about":[{"href":"http:\/\/armor-expo.fr\/FR\/wp-json\/wp\/v2\/types\/page"}],"author":[{"embeddable":true,"href":"http:\/\/armor-expo.fr\/FR\/wp-json\/wp\/v2\/users\/1"}],"replies":[{"embeddable":true,"href":"http:\/\/armor-expo.fr\/FR\/wp-json\/wp\/v2\/comments?post=59"}],"version-history":[{"count":27,"href":"http:\/\/armor-expo.fr\/FR\/wp-json\/wp\/v2\/pages\/59\/revisions"}],"predecessor-version":[{"id":1092,"href":"http:\/\/armor-expo.fr\/FR\/wp-json\/wp\/v2\/pages\/59\/revisions\/1092"}],"wp:attachment":[{"href":"http:\/\/armor-expo.fr\/FR\/wp-json\/wp\/v2\/media?parent=59"}],"curies":[{"name":"wp","href":"https:\/\/api.w.org\/{rel}","templated":true}]}}