{"id":61,"date":"2018-09-26T16:01:19","date_gmt":"2018-09-26T14:01:19","guid":{"rendered":"http:\/\/armor-expo.fr\/FR\/?page_id=61"},"modified":"2025-11-10T18:02:37","modified_gmt":"2025-11-10T17:02:37","slug":"landerneau","status":"publish","type":"page","link":"http:\/\/armor-expo.fr\/FR\/landerneau\/","title":{"rendered":"landerneau"},"content":{"rendered":"\n\n\t<h1 id=\"h.p_iQIRw-7h5E_w\"><\/h1>\n<h1>LANDERNEAU : 30\u00e8me <strong>\u00a0SALON <\/strong><\/h1>\n<h1><strong>SAVEURS des TERROIRS<\/strong><\/h1>\n<h1>23\/24\/25 Octobre 2026<\/h1>\n<p><strong>SALLE SAINT ERNEL<\/strong><\/p>\n<p>&nbsp;<\/p>\n\tDans la Rade de Brest, LANDERNEAU est une cit\u00e9 de caract\u00e8re de 16 000 habitants mais ce sont 115 000 personnes qui r\u00e9sident dans un rayon de 18km.\nCe qui en fait la ville la plus importante de la Communaut\u00e9 de communes du Pays de Landerneau &#8211; Daoulas (22 communes),\nLanderneau est situ\u00e9e \u00e0 25mn de Brest.\n<strong>D\u00e9marr\u00e9 en 1996, notre salon en est \u00e0 sa 30\u00e8me \u00e9dition.<br \/>\n<\/strong>Il s&#8217;est rapidement impos\u00e9 comme le salon o\u00f9 qualit\u00e9 et convivialit\u00e9 sont au rendez vous.\nPratique et fonctionnelle, dot\u00e9e de vastes parkings c&#8217;est \u00e0 la salle de St Ernel que se tient le salon.\n<strong>5 500 visiteurs attendus &#8230;<br \/>\n&#8220;Cela va faire du bruit dans Landerneau&#8221;<\/strong>\n<p>&nbsp;<\/p>\n\t\t\t\t<img decoding=\"async\" src=\"http:\/\/armor-expo.fr\/FR\/wp-content\/uploads\/2018\/09\/9.jpg\" alt=\"9\" itemprop=\"image\" title=\"9\" onerror=\"this.style.display='none'\" loading=\"lazy\" \/>\n\t<h1>VOIR L&#8217;ENSEMBLE DES EXPOSANTS<\/h1>\n<p><a href=\"http:\/\/armor-expo.fr\/FR\/exposants-landerneau\/\"><img decoding=\"async\" loading=\"lazy\" src=\"http:\/\/armor-expo.fr\/FR\/wp-content\/uploads\/2018\/09\/bouton.png\" alt=\"\" width=\"100\" height=\"100\" \/><\/a><\/p>\n\t<h1 id=\"h.p_iQIRw-7h5E_w\">Lieu, Jours &amp; heures d&#8217;ouverture<\/h1>\n\t<p><strong>ESPACE SAINT ERNEL<\/strong><\/p>\n<h2 id=\"h.p_DovnWg7mXozk\">VENDREDI 23 OCTOBRE 2026 :\u00a0 14H\/20H<br \/>\nSAMEDI 24 OCTOBRE 2026 :\u00a0 10H\/19H<br \/>\nDIMANCHE 25 OCTOBRE 2026 :\u00a0 10H\/18H<\/h2>\n<h2>ENTR\u00c9E : 2 EUROS<\/h2>\n<p><em>Admission :\u00a0Les animaux ne sont pas admis sur le salon.<\/em><\/p>\n<p><em>L&#8217;abus d&#8217;alcool est dangereux pour la sant\u00e9, \u00e0 consommer avec mod\u00e9ration. Pour votre sant\u00e9, \u00e9vitez de manger trop gras, trop sucr\u00e9, trop sal\u00e9. www.mangerbouger.fr<\/em><\/p>\n\n\t<iframe loading=\"lazy\" src=\"https:\/\/www.google.com\/maps\/embed?pb=!1m14!1m8!1m3!1d42348.85934667448!2d-4.265828!3d48.441107!3m2!1i1024!2i768!4f13.1!3m3!1m2!1s0x4816b2e2c742b1f5%3A0xecad08d41c3d62c!2s27+Rue+Saint-Ernel%2C+29800+Landerneau%2C+France!5e0!3m2!1sfr!2sus!4v1538035324667\" width=\"100%\" height=\"300\" frameborder=\"0\" allowfullscreen><\/iframe>\n\t<h2 id=\"h.p_D1SrLEzrXob1\"><\/h2>\n<p><strong>T\u00e9l : 06 80 63 01 69<\/strong><\/p>\n<p><strong>Mail :saveurs.terroirs29@gmail.com<\/strong><\/p>\n\n","protected":false},"excerpt":{"rendered":"<p>LANDERNEAU : 30\u00e8me \u00a0SALON SAVEURS des TERROIRS 23\/24\/25 Octobre 2026 SALLE SAINT ERNEL &nbsp; Dans la Rade de Brest, LANDERNEAU est une cit\u00e9 de caract\u00e8re de 16 000 habitants mais ce sont 115 000 personnes qui r\u00e9sident dans un rayon de 18km. Ce qui en fait la ville la plus importante de la Communaut\u00e9 de [&hellip;]<\/p>\n","protected":false},"author":1,"featured_media":0,"parent":0,"menu_order":0,"comment_status":"closed","ping_status":"closed","template":"","meta":[],"_links":{"self":[{"href":"http:\/\/armor-expo.fr\/FR\/wp-json\/wp\/v2\/pages\/61"}],"collection":[{"href":"http:\/\/armor-expo.fr\/FR\/wp-json\/wp\/v2\/pages"}],"about":[{"href":"http:\/\/armor-expo.fr\/FR\/wp-json\/wp\/v2\/types\/page"}],"author":[{"embeddable":true,"href":"http:\/\/armor-expo.fr\/FR\/wp-json\/wp\/v2\/users\/1"}],"replies":[{"embeddable":true,"href":"http:\/\/armor-expo.fr\/FR\/wp-json\/wp\/v2\/comments?post=61"}],"version-history":[{"count":27,"href":"http:\/\/armor-expo.fr\/FR\/wp-json\/wp\/v2\/pages\/61\/revisions"}],"predecessor-version":[{"id":1069,"href":"http:\/\/armor-expo.fr\/FR\/wp-json\/wp\/v2\/pages\/61\/revisions\/1069"}],"wp:attachment":[{"href":"http:\/\/armor-expo.fr\/FR\/wp-json\/wp\/v2\/media?parent=61"}],"curies":[{"name":"wp","href":"https:\/\/api.w.org\/{rel}","templated":true}]}}