{"id":63,"date":"2018-09-26T16:01:53","date_gmt":"2018-09-26T14:01:53","guid":{"rendered":"http:\/\/armor-expo.fr\/FR\/?page_id=63"},"modified":"2026-01-12T10:45:03","modified_gmt":"2026-01-12T09:45:03","slug":"pont-labbe","status":"publish","type":"page","link":"https:\/\/armor-expo.fr\/FR\/pont-labbe\/","title":{"rendered":"pont l&#8217;abb\u00e9"},"content":{"rendered":"\n\n\t\n<h1>PONT L&#8217;ABBE : 30<strong>e SALON <\/strong><\/h1>\n<h1><strong>SAVEURS DES TERROIRS<\/strong><\/h1>\n<h1>6\/7\/8 Novembre 2026<\/h1>\n\tPONT L&#8217;ABBE, &#8220;ville fleurie&#8221; capitale du Pays Bigouden : 50 000 habitants auxquels il faut rajouter les 63 000 habitants de Quimper \u00e0 15 kms. Soit un bassin de 113 000 hab.\nCommune nich\u00e9e dans un cadre privil\u00e9gi\u00e9, au fond d&#8217;une ria, accessible par la voie express de Quimper, et forte d&#8217;un centre-ville dynamique.<br \/>\nComme chaque ann\u00e9e, c&#8217;est le Centre de Congr\u00e8s &#8220;Le Triskell&#8221; qui accueille le salon.\n<p>&nbsp;<\/p>\n<strong>D\u00e9marr\u00e9 en 1996, notre salon en est \u00e0 sa 30\u00e8me \u00e9dition.<\/strong>\nSalon incontournable et fe\u0301de\u0301rateur de tous les gourmets et Gourmands de PONT L&#8217;ABBE\u0301, mais e\u0301galement \u00e0 tous les habitants de la re\u0301gion.\nChaque ann\u00e9e, le salon s&#8217;inscrit sur le &#8220;week-end du 11 novembre&#8221; : <strong>4000 visiteurs attendus !<\/strong>\n<p>&nbsp;<\/p>\n\t\t\t\t<img decoding=\"async\" src=\"http:\/\/armor-expo.fr\/FR\/wp-content\/uploads\/2018\/09\/10.jpg\" alt=\"10\" itemprop=\"image\" height=\"467\" width=\"501\" title=\"10\" onerror=\"this.style.display='none'\" loading=\"lazy\" \/>\n\t<h1>VOIR L&#8217;ENSEMBLE DES EXPOSANTS<\/h1>\n<p><a href=\"http:\/\/armor-expo.fr\/FR\/exposants-pont-labbe\/\"><img decoding=\"async\" loading=\"lazy\" src=\"http:\/\/armor-expo.fr\/FR\/wp-content\/uploads\/2018\/09\/bouton.png\" alt=\"\" width=\"100\" height=\"100\" \/><\/a><\/p>\n\t<h1 id=\"h.p_iQIRw-7h5E_w\">Lieu, Jours &amp; heures d&#8217;ouverture<\/h1>\n\t<h2 id=\"h.p_D1SrLEzrXob1\"><strong>SALLE LE TRISKELL<\/strong><\/h2>\n<h2 id=\"h.p_DovnWg7mXozk\"><\/h2>\n<h2>VENDREDI \u00a06 NOVEMBRE 2026 :\u00a0 14H\/19H<br \/>\nSAMEDI 7 NOVEMBRE 2026 :\u00a0 10H\/19H<br \/>\nDIMANCHE 8 NOVEMBRE 2026 : 10H\/18H<\/h2>\n<h2 id=\"h.p_vKmEIBPcXozl\">ENTR\u00c9E : 2 EUROS<\/h2>\n<p><em>\u00a0 \u00a0 Admission :\u00a0Les animaux ne sont pas admis sur le salon.<\/em><\/p>\n<em>L&#8217;abus d&#8217;alcool est dangereux pour la sant\u00e9, \u00e0 consommer avec mod\u00e9ration. Pour votre sant\u00e9, \u00e9vitez de manger trop gras, trop sucr\u00e9, trop sal\u00e9. www.mangerbouger.fr<\/em>\n\t<iframe loading=\"lazy\" src=\"https:\/\/www.google.com\/maps\/embed?pb=!1m14!1m8!1m3!1d5353.036974628274!2d-4.225533!3d47.868288!3m2!1i1024!2i768!4f13.1!3m3!1m2!1s0x48172dc481607279%3A0x463b51dde0ee58ca!2sRue+Mstislav+Rostropovitch%2C+29120+Pont-l&#39;Abb%C3%A9%2C+France!5e0!3m2!1sfr!2sus!4v1538035967465\" width=\"100%\" height=\"300\" frameborder=\"0\" allowfullscreen><\/iframe>\n\t<p><strong>T\u00e9l : 06 80 63 01 69<\/strong><\/p>\n<p><strong>Mail : <a href=\"saveurs.terroirs29@gmail.com\">saveurs.terroirs29@gmail.com<\/a><\/strong><\/p>\n\n","protected":false},"excerpt":{"rendered":"<p>PONT L&#8217;ABBE : 30e SALON SAVEURS DES TERROIRS 6\/7\/8 Novembre 2026 PONT L&#8217;ABBE, &#8220;ville fleurie&#8221; capitale du Pays Bigouden : 50 000 habitants auxquels il faut rajouter les 63 000 habitants de Quimper \u00e0 15 kms. Soit un bassin de 113 000 hab. Commune nich\u00e9e dans un cadre privil\u00e9gi\u00e9, au fond d&#8217;une ria, accessible par [&hellip;]<\/p>\n","protected":false},"author":1,"featured_media":0,"parent":0,"menu_order":0,"comment_status":"closed","ping_status":"closed","template":"","meta":[],"_links":{"self":[{"href":"https:\/\/armor-expo.fr\/FR\/wp-json\/wp\/v2\/pages\/63"}],"collection":[{"href":"https:\/\/armor-expo.fr\/FR\/wp-json\/wp\/v2\/pages"}],"about":[{"href":"https:\/\/armor-expo.fr\/FR\/wp-json\/wp\/v2\/types\/page"}],"author":[{"embeddable":true,"href":"https:\/\/armor-expo.fr\/FR\/wp-json\/wp\/v2\/users\/1"}],"replies":[{"embeddable":true,"href":"https:\/\/armor-expo.fr\/FR\/wp-json\/wp\/v2\/comments?post=63"}],"version-history":[{"count":25,"href":"https:\/\/armor-expo.fr\/FR\/wp-json\/wp\/v2\/pages\/63\/revisions"}],"predecessor-version":[{"id":1079,"href":"https:\/\/armor-expo.fr\/FR\/wp-json\/wp\/v2\/pages\/63\/revisions\/1079"}],"wp:attachment":[{"href":"https:\/\/armor-expo.fr\/FR\/wp-json\/wp\/v2\/media?parent=63"}],"curies":[{"name":"wp","href":"https:\/\/api.w.org\/{rel}","templated":true}]}}